{"id":51433,"date":"2020-11-26T15:23:32","date_gmt":"2020-11-26T14:23:32","guid":{"rendered":"http:\/\/rmmekatronik.se\/?page_id=51433"},"modified":"2020-12-22T16:09:51","modified_gmt":"2020-12-22T15:09:51","slug":"vara-tjanster","status":"publish","type":"page","link":"https:\/\/rmmekatronik.se\/de\/vara-tjanster\/","title":{"rendered":"Unsere Leistungen"},"content":{"rendered":"<p>[et_pb_section fb_built=&#8221;1&#8243; _builder_version=&#8221;4.6.0&#8243; _module_preset=&#8221;default&#8221; background_color=&#8221;rgba(0,0,0,0)&#8221; min_height=&#8221;24vh&#8221; height=&#8221;70%&#8221; max_height=&#8221;70%&#8221; custom_padding=&#8221;0px||0px||false|false&#8221; da_disable_devices=&#8221;off|off|off&#8221; da_is_popup=&#8221;off&#8221; da_exit_intent=&#8221;off&#8221; da_has_close=&#8221;on&#8221; da_alt_close=&#8221;off&#8221; da_dark_close=&#8221;off&#8221; da_not_modal=&#8221;on&#8221; da_is_singular=&#8221;off&#8221; da_with_loader=&#8221;off&#8221; da_has_shadow=&#8221;on&#8221;][et_pb_row _builder_version=&#8221;4.6.0&#8243; _module_preset=&#8221;default&#8221; background_enable_color=&#8221;off&#8221; use_background_color_gradient=&#8221;on&#8221; background_color_gradient_start=&#8221;rgba(0,0,0,0)&#8221; background_color_gradient_end=&#8221;#ffffff&#8221; background_color_gradient_start_position=&#8221;70%&#8221; background_color_gradient_overlays_image=&#8221;on&#8221; background_image=&#8221;https:\/\/rmmekatronik.se\/wp-content\/uploads\/2020\/11\/IMG_0656-scaled.jpg&#8221; width=&#8221;100%&#8221; max_width=&#8221;100%&#8221; min_height=&#8221;29vh&#8221; height=&#8221;70%&#8221; max_height=&#8221;70%&#8221; custom_margin=&#8221;0px|0px|0px|0px|false|false&#8221; custom_padding=&#8221;0px|0px|0px|0px|true|false&#8221;][et_pb_column type=&#8221;4_4&#8243; _builder_version=&#8221;4.6.0&#8243; _module_preset=&#8221;default&#8221; background_enable_image=&#8221;off&#8221;][et_pb_text _builder_version=&#8221;4.6.0&#8243; _module_preset=&#8221;default&#8221; text_font=&#8221;Futura||||||||&#8221; text_text_color=&#8221;#ffffff&#8221; text_font_size=&#8221;16px&#8221; header_font=&#8221;|600|||||||&#8221; header_2_font=&#8221;Exo|600|on||||||&#8221; header_2_text_color=&#8221;#ffffff&#8221; header_2_font_size=&#8221;50px&#8221; custom_padding=&#8221;10%|30%||30%|false|true&#8221; custom_padding_tablet=&#8221;|10%||10%|false|true&#8221; custom_padding_phone=&#8221;|5%||5%|false|true&#8221; custom_padding_last_edited=&#8221;on|phone&#8221;]<\/p>\n<h2 style=\"text-align: center;\">V\u00c5RT TJ\u00c4NSTEUTBUD<\/h2>\n<p style=\"text-align: center;\">\n<p>[\/et_pb_text][\/et_pb_column][\/et_pb_row][\/et_pb_section][et_pb_section fb_built=&#8221;1&#8243; admin_label=&#8221;Popup &#8211; #undefined&#8221; _builder_version=&#8221;4.6.0&#8243; _module_preset=&#8221;default&#8221; use_background_color_gradient=&#8221;on&#8221; background_color_gradient_start=&#8221;#ffffff&#8221; background_color_gradient_end=&#8221;#2d7360&#8243; background_color_gradient_start_position=&#8221;23%&#8221; da_disable_devices=&#8221;off|off|off&#8221; da_is_popup=&#8221;off&#8221; da_exit_intent=&#8221;off&#8221; da_has_close=&#8221;on&#8221; da_alt_close=&#8221;off&#8221; da_dark_close=&#8221;off&#8221; da_not_modal=&#8221;on&#8221; da_is_singular=&#8221;off&#8221; da_with_loader=&#8221;off&#8221; da_has_shadow=&#8221;on&#8221;][et_pb_row module_id=&#8221;tjanster&#8221; _builder_version=&#8221;4.6.0&#8243; _module_preset=&#8221;default&#8221; background_enable_color=&#8221;off&#8221; width=&#8221;100%&#8221; max_width=&#8221;100%&#8221; min_height=&#8221;100%&#8221; height=&#8221;100%&#8221; max_height=&#8221;100%&#8221; custom_margin=&#8221;0px||0px||false|false&#8221; custom_padding=&#8221;0px||0px||false|false&#8221;][et_pb_column type=&#8221;4_4&#8243; _builder_version=&#8221;4.6.0&#8243; _module_preset=&#8221;default&#8221;][et_pb_text _builder_version=&#8221;4.6.0&#8243; _module_preset=&#8221;default&#8221; header_text_color=&#8221;#000000&#8243; header_2_font=&#8221;|||on|||||&#8221; header_2_text_color=&#8221;#009edb&#8221; background_enable_color=&#8221;off&#8221; min_height=&#8221;100%&#8221; height=&#8221;100%&#8221; max_height=&#8221;100%&#8221; custom_margin=&#8221;2%||24px||false|false&#8221; custom_padding=&#8221;0px||0px||false|false&#8221;]<\/p>\n<h2 style=\"text-align: center;\">V\u00e5ra tj\u00e4nster<\/h2>\n<p>[\/et_pb_text][\/et_pb_column][\/et_pb_row][et_pb_row column_structure=&#8221;1_3,1_3,1_3&#8243; _builder_version=&#8221;4.6.0&#8243; _module_preset=&#8221;default&#8221; background_enable_color=&#8221;off&#8221; width=&#8221;85%&#8221; max_width=&#8221;100%&#8221; min_height=&#8221;394px&#8221;][et_pb_column type=&#8221;1_3&#8243; _builder_version=&#8221;4.6.0&#8243; _module_preset=&#8221;default&#8221;][et_pb_blurb title=&#8221;Telecom &#038; fiber&#8221; use_icon=&#8221;on&#8221; font_icon=&#8221;%%165%%&#8221; icon_color=&#8221;#ffffff&#8221; _builder_version=&#8221;4.6.0&#8243; _module_preset=&#8221;default&#8221; header_text_color=&#8221;#ffffff&#8221; body_text_color=&#8221;#ffffff&#8221; body_font_size=&#8221;16px&#8221; background_color=&#8221;#2d7360&#8243; min_height=&#8221;350px&#8221; height=&#8221;400px&#8221; height_tablet=&#8221;&#8221; height_phone=&#8221;&#8221; height_last_edited=&#8221;on|desktop&#8221; custom_padding=&#8221;4%|4%|4%|4%|true|true&#8221; custom_padding_tablet=&#8221;&#8221; custom_padding_phone=&#8221;3%||3%||true|true&#8221; custom_padding_last_edited=&#8221;on|phone&#8221;]<\/p>\n<p>V\u00e5ra teknikbodar f\u00f6r telecom och fiber hj\u00e4lper dig att skydda utrustningen som f\u00f6rser dina kunder med tillf\u00f6rlitligt internet. Med r\u00e4tt innetemperatur och ergonomisk design kan du ha b\u00e4ttre \u00f6vervakning p\u00e5 din utrustning \u00e4n n\u00e5gonsin tidigare, samtidigt som service blir betydligt enklare.<\/p>\n<p>[\/et_pb_blurb][\/et_pb_column][et_pb_column type=&#8221;1_3&#8243; _builder_version=&#8221;4.6.0&#8243; _module_preset=&#8221;default&#8221;][et_pb_blurb title=&#8221;Backup- &#038; reservkraft&#8221; use_icon=&#8221;on&#8221; font_icon=&#8221;%%176%%&#8221; icon_color=&#8221;#ffffff&#8221; _builder_version=&#8221;4.6.0&#8243; _module_preset=&#8221;default&#8221; header_text_color=&#8221;#ffffff&#8221; body_text_color=&#8221;#ffffff&#8221; body_font_size=&#8221;16px&#8221; background_color=&#8221;#2d7360&#8243; min_height=&#8221;350px&#8221; height=&#8221;400px&#8221; custom_padding=&#8221;4%|4%|4%|4%|true|true&#8221; custom_padding_tablet=&#8221;&#8221; custom_padding_phone=&#8221;3%||3%||true|true&#8221; custom_padding_last_edited=&#8221;on|phone&#8221;]<\/p>\n<p>I fas med digitaliseringens fortg\u00e5ng f\u00f6rser vi f\u00f6retag och offentliga verksamheter med backup-system och speglingssystem f\u00f6r att skydda fr\u00e5n potentiella avbrott. Vi erbjuder allt ifr\u00e5n batterisystem till reservgenerator.<\/p>\n<p>[\/et_pb_blurb][\/et_pb_column][et_pb_column type=&#8221;1_3&#8243; _builder_version=&#8221;4.6.0&#8243; _module_preset=&#8221;default&#8221;][et_pb_blurb title=&#8221;Vindkraft, milit\u00e4r m.m&#8221; use_icon=&#8221;on&#8221; font_icon=&#8221;%%102%%&#8221; icon_color=&#8221;#ffffff&#8221; _builder_version=&#8221;4.6.0&#8243; _module_preset=&#8221;default&#8221; header_text_color=&#8221;#ffffff&#8221; body_text_color=&#8221;#ffffff&#8221; body_font_size=&#8221;16px&#8221; background_color=&#8221;#2d7360&#8243; height=&#8221;400px&#8221; custom_padding=&#8221;4%|4%|4%|4%|true|true&#8221; custom_padding_tablet=&#8221;&#8221; custom_padding_phone=&#8221;3%||3%||true|true&#8221; custom_padding_last_edited=&#8221;on|phone&#8221;]<\/p>\n<p>Vi har \u00e4ven bred erfarenhet av att f\u00f6rse en m\u00e4ngd andra verksamheter med teknikbodar i skyddande syften. Allt ifr\u00e5n milit\u00e4r, vindkraft &amp; VA-system har kunnat utnyttja v\u00e5ra h\u00f6gkvalitativa sandwich-bodar f\u00f6r sina diverse syften.<\/p>\n<p>[\/et_pb_blurb][\/et_pb_column][\/et_pb_row][et_pb_row column_structure=&#8221;1_2,1_2&#8243; _builder_version=&#8221;4.6.0&#8243; _module_preset=&#8221;default&#8221; background_enable_color=&#8221;off&#8221; width=&#8221;85%&#8221; max_width=&#8221;100%&#8221; custom_margin=&#8221;0px||0px||true|false&#8221; custom_padding=&#8221;0px||0px||true|false&#8221;][et_pb_column type=&#8221;1_2&#8243; _builder_version=&#8221;4.6.0&#8243; _module_preset=&#8221;default&#8221;][et_pb_blurb title=&#8221;Service &#038; installation i befintliga siter&#8221; use_icon=&#8221;on&#8221; font_icon=&#8221;%%173%%&#8221; icon_color=&#8221;#ffffff&#8221; _builder_version=&#8221;4.6.0&#8243; _module_preset=&#8221;default&#8221; header_text_color=&#8221;#ffffff&#8221; body_text_color=&#8221;#ffffff&#8221; body_font_size=&#8221;16px&#8221; background_color=&#8221;#2d7360&#8243; min_height=&#8221;350px&#8221; custom_margin=&#8221;||0px||false|false&#8221; custom_padding=&#8221;4%|4%|4%|4%|false|true&#8221; custom_padding_tablet=&#8221;&#8221; custom_padding_phone=&#8221;3%||3%||true|true&#8221; custom_padding_last_edited=&#8221;on|phone&#8221;]<\/p>\n<p>V\u00e5rt arbete slutar inte n\u00e4r produkten \u00e4r levererad till er. Vi servar kontinuerligt era produkter och hj\u00e4lper till vid eventuella problem.<\/p>\n<p>[\/et_pb_blurb][\/et_pb_column][et_pb_column type=&#8221;1_2&#8243; _builder_version=&#8221;4.6.0&#8243; _module_preset=&#8221;default&#8221;][et_pb_blurb title=&#8221;19\u201d system strukturell kabelf\u00f6rl\u00e4ggning&#8221; use_icon=&#8221;on&#8221; font_icon=&#8221;%%159%%&#8221; icon_color=&#8221;#ffffff&#8221; title_last_edited=&#8221;off|desktop&#8221; _builder_version=&#8221;4.6.0&#8243; _module_preset=&#8221;default&#8221; header_text_color=&#8221;#ffffff&#8221; body_text_color=&#8221;#ffffff&#8221; body_font_size=&#8221;16px&#8221; background_color=&#8221;#2d7360&#8243; min_height=&#8221;350px&#8221; custom_margin=&#8221;||0px||false|false&#8221; custom_padding=&#8221;4%|4%|4%|4%|true|true&#8221; custom_padding_tablet=&#8221;&#8221; custom_padding_phone=&#8221;3%||3%||true|true&#8221; custom_padding_last_edited=&#8221;on|phone&#8221;]<\/p>\n<p>Ibland kan det bli r\u00f6rigt. Vi hj\u00e4lper er med strukturell fiberkabel- och patchf\u00f6rl\u00e4ggning mellan 19\u201d stativ i befintliga byggnader. Vid eventuella driftsproblem blir en fels\u00f6kning betydligt l\u00e4ttare om kabelf\u00f6rl\u00e4ggningen \u00e4r strukturerad fr\u00e5n b\u00f6rjan.\u00a0Vi reder ut de problem som finns med slack.<\/p>\n<p>[\/et_pb_blurb][\/et_pb_column][\/et_pb_row][et_pb_row _builder_version=&#8221;4.6.0&#8243; _module_preset=&#8221;default&#8221;][et_pb_column type=&#8221;4_4&#8243; _builder_version=&#8221;4.6.0&#8243; _module_preset=&#8221;default&#8221;][et_pb_button button_url=&#8221;@ET-DC@eyJkeW5hbWljIjp0cnVlLCJjb250ZW50IjoicG9zdF9saW5rX3VybF9wYWdlIiwic2V0dGluZ3MiOnsicG9zdF9pZCI6IjE0MyJ9fQ==@&#8221; button_text=&#8221;Kontakta oss&#8221; button_alignment=&#8221;center&#8221; _builder_version=&#8221;4.6.0&#8243; _dynamic_attributes=&#8221;button_url&#8221; _module_preset=&#8221;default&#8221; custom_button=&#8221;on&#8221; button_text_color=&#8221;#ffffff&#8221; button_bg_color=&#8221;#2d7360&#8243; button_icon=&#8221;%%264%%&#8221; button_icon_placement=&#8221;left&#8221;][\/et_pb_button][\/et_pb_column][\/et_pb_row][et_pb_row use_custom_gutter=&#8221;on&#8221; gutter_width=&#8221;2&#8243; _builder_version=&#8221;4.6.0&#8243; _module_preset=&#8221;default&#8221; width=&#8221;85%&#8221; max_width=&#8221;85%&#8221; locked=&#8221;off&#8221;][et_pb_column type=&#8221;4_4&#8243; _builder_version=&#8221;4.6.0&#8243; _module_preset=&#8221;default&#8221;][et_pb_gallery gallery_ids=&#8221;51421,51422,51423,51424,51425,51426&#8243; show_title_and_caption=&#8221;off&#8221; _builder_version=&#8221;4.6.0&#8243; _module_preset=&#8221;default&#8221;][\/et_pb_gallery][\/et_pb_column][\/et_pb_row][\/et_pb_section]<\/p>\n","protected":false},"excerpt":{"rendered":"<p>V\u00c5RT TJ\u00c4NSTEUTBUD V\u00e5ra tj\u00e4nsterV\u00e5ra teknikbodar f\u00f6r telecom och fiber hj\u00e4lper dig att skydda utrustningen som f\u00f6rser dina kunder med tillf\u00f6rlitligt internet. Med r\u00e4tt innetemperatur och ergonomisk design kan du ha b\u00e4ttre \u00f6vervakning p\u00e5 din utrustning \u00e4n n\u00e5gonsin tidigare, samtidigt som service blir betydligt enklare.I fas med digitaliseringens fortg\u00e5ng f\u00f6rser vi f\u00f6retag och offentliga verksamheter med [&hellip;]<\/p>\n","protected":false},"author":1,"featured_media":0,"parent":0,"menu_order":0,"comment_status":"closed","ping_status":"closed","template":"","meta":{"_et_pb_use_builder":"on","_et_pb_old_content":"","_et_gb_content_width":"","footnotes":""},"class_list":["post-51433","page","type-page","status-publish","hentry"],"yoast_head":"<!-- This site is optimized with the Yoast SEO plugin v27.1.1 - https:\/\/yoast.com\/product\/yoast-seo-wordpress\/ -->\n<title>V\u00e5ra tj\u00e4nster | RM Mekatronik<\/title>\n<meta name=\"robots\" content=\"index, follow, max-snippet:-1, max-image-preview:large, max-video-preview:-1\" \/>\n<link rel=\"canonical\" href=\"https:\/\/rmmekatronik.se\/de\/vara-tjanster\/\" \/>\n<meta property=\"og:locale\" content=\"de_DE\" \/>\n<meta property=\"og:type\" content=\"article\" \/>\n<meta property=\"og:title\" content=\"V\u00e5ra tj\u00e4nster | RM Mekatronik\" \/>\n<meta property=\"og:description\" content=\"V\u00c5RT TJ\u00c4NSTEUTBUD V\u00e5ra tj\u00e4nsterV\u00e5ra teknikbodar f\u00f6r telecom och fiber hj\u00e4lper dig att skydda utrustningen som f\u00f6rser dina kunder med tillf\u00f6rlitligt internet. Med r\u00e4tt innetemperatur och ergonomisk design kan du ha b\u00e4ttre \u00f6vervakning p\u00e5 din utrustning \u00e4n n\u00e5gonsin tidigare, samtidigt som service blir betydligt enklare.I fas med digitaliseringens fortg\u00e5ng f\u00f6rser vi f\u00f6retag och offentliga verksamheter med [&hellip;]\" \/>\n<meta property=\"og:url\" content=\"https:\/\/rmmekatronik.se\/de\/vara-tjanster\/\" \/>\n<meta property=\"og:site_name\" content=\"RM Mekatronik\" \/>\n<meta property=\"article:modified_time\" content=\"2020-12-22T15:09:51+00:00\" \/>\n<meta name=\"twitter:card\" content=\"summary_large_image\" \/>\n<meta name=\"twitter:label1\" content=\"Gesch\u00e4tzte Lesezeit\" \/>\n\t<meta name=\"twitter:data1\" content=\"6\u00a0Minuten\" \/>\n<script type=\"application\/ld+json\" class=\"yoast-schema-graph\">{\"@context\":\"https:\/\/schema.org\",\"@graph\":[{\"@type\":\"WebPage\",\"@id\":\"https:\/\/rmmekatronik.se\/vara-tjanster\/\",\"url\":\"https:\/\/rmmekatronik.se\/vara-tjanster\/\",\"name\":\"V\u00e5ra tj\u00e4nster | RM Mekatronik\",\"isPartOf\":{\"@id\":\"https:\/\/rmmekatronik.se\/#website\"},\"datePublished\":\"2020-11-26T14:23:32+00:00\",\"dateModified\":\"2020-12-22T15:09:51+00:00\",\"breadcrumb\":{\"@id\":\"https:\/\/rmmekatronik.se\/vara-tjanster\/#breadcrumb\"},\"inLanguage\":\"de\",\"potentialAction\":[{\"@type\":\"ReadAction\",\"target\":[\"https:\/\/rmmekatronik.se\/vara-tjanster\/\"]}]},{\"@type\":\"BreadcrumbList\",\"@id\":\"https:\/\/rmmekatronik.se\/vara-tjanster\/#breadcrumb\",\"itemListElement\":[{\"@type\":\"ListItem\",\"position\":1,\"name\":\"Hem\",\"item\":\"https:\/\/rmmekatronik.se\/\"},{\"@type\":\"ListItem\",\"position\":2,\"name\":\"V\u00e5ra tj\u00e4nster\"}]},{\"@type\":\"WebSite\",\"@id\":\"https:\/\/rmmekatronik.se\/#website\",\"url\":\"https:\/\/rmmekatronik.se\/\",\"name\":\"RM Mekatronik\",\"description\":\"Site Solutions\",\"publisher\":{\"@id\":\"https:\/\/rmmekatronik.se\/#organization\"},\"potentialAction\":[{\"@type\":\"SearchAction\",\"target\":{\"@type\":\"EntryPoint\",\"urlTemplate\":\"https:\/\/rmmekatronik.se\/?s={search_term_string}\"},\"query-input\":{\"@type\":\"PropertyValueSpecification\",\"valueRequired\":true,\"valueName\":\"search_term_string\"}}],\"inLanguage\":\"de\"},{\"@type\":\"Organization\",\"@id\":\"https:\/\/rmmekatronik.se\/#organization\",\"name\":\"RM Mekatronik\",\"url\":\"https:\/\/rmmekatronik.se\/\",\"logo\":{\"@type\":\"ImageObject\",\"inLanguage\":\"de\",\"@id\":\"https:\/\/rmmekatronik.se\/#\/schema\/logo\/image\/\",\"url\":\"https:\/\/rmmekatronik.se\/wp-content\/uploads\/2020\/10\/RM_Mekatronik.png\",\"contentUrl\":\"https:\/\/rmmekatronik.se\/wp-content\/uploads\/2020\/10\/RM_Mekatronik.png\",\"width\":698,\"height\":112,\"caption\":\"RM Mekatronik\"},\"image\":{\"@id\":\"https:\/\/rmmekatronik.se\/#\/schema\/logo\/image\/\"}}]}<\/script>\n<!-- \/ Yoast SEO plugin. -->","yoast_head_json":{"title":"Unsere Dienstleistungen | RM Mechatronik","robots":{"index":"index","follow":"follow","max-snippet":"max-snippet:-1","max-image-preview":"max-image-preview:large","max-video-preview":"max-video-preview:-1"},"canonical":"https:\/\/rmmekatronik.se\/de\/vara-tjanster\/","og_locale":"de_DE","og_type":"article","og_title":"V\u00e5ra tj\u00e4nster | RM Mekatronik","og_description":"V\u00c5RT TJ\u00c4NSTEUTBUD V\u00e5ra tj\u00e4nsterV\u00e5ra teknikbodar f\u00f6r telecom och fiber hj\u00e4lper dig att skydda utrustningen som f\u00f6rser dina kunder med tillf\u00f6rlitligt internet. Med r\u00e4tt innetemperatur och ergonomisk design kan du ha b\u00e4ttre \u00f6vervakning p\u00e5 din utrustning \u00e4n n\u00e5gonsin tidigare, samtidigt som service blir betydligt enklare.I fas med digitaliseringens fortg\u00e5ng f\u00f6rser vi f\u00f6retag och offentliga verksamheter med [&hellip;]","og_url":"https:\/\/rmmekatronik.se\/de\/vara-tjanster\/","og_site_name":"RM Mekatronik","article_modified_time":"2020-12-22T15:09:51+00:00","twitter_card":"summary_large_image","twitter_misc":{"Gesch\u00e4tzte Lesezeit":"6\u00a0Minuten"},"schema":{"@context":"https:\/\/schema.org","@graph":[{"@type":"WebPage","@id":"https:\/\/rmmekatronik.se\/vara-tjanster\/","url":"https:\/\/rmmekatronik.se\/vara-tjanster\/","name":"Unsere Dienstleistungen | RM Mechatronik","isPartOf":{"@id":"https:\/\/rmmekatronik.se\/#website"},"datePublished":"2020-11-26T14:23:32+00:00","dateModified":"2020-12-22T15:09:51+00:00","breadcrumb":{"@id":"https:\/\/rmmekatronik.se\/vara-tjanster\/#breadcrumb"},"inLanguage":"de","potentialAction":[{"@type":"ReadAction","target":["https:\/\/rmmekatronik.se\/vara-tjanster\/"]}]},{"@type":"BreadcrumbList","@id":"https:\/\/rmmekatronik.se\/vara-tjanster\/#breadcrumb","itemListElement":[{"@type":"ListItem","position":1,"name":"Hem","item":"https:\/\/rmmekatronik.se\/"},{"@type":"ListItem","position":2,"name":"V\u00e5ra tj\u00e4nster"}]},{"@type":"WebSite","@id":"https:\/\/rmmekatronik.se\/#website","url":"https:\/\/rmmekatronik.se\/","name":"RM Mekatronik","description":"Site-L\u00f6sungen","publisher":{"@id":"https:\/\/rmmekatronik.se\/#organization"},"potentialAction":[{"@type":"SearchAction","target":{"@type":"EntryPoint","urlTemplate":"https:\/\/rmmekatronik.se\/?s={search_term_string}"},"query-input":{"@type":"PropertyValueSpecification","valueRequired":true,"valueName":"search_term_string"}}],"inLanguage":"de"},{"@type":"Organization","@id":"https:\/\/rmmekatronik.se\/#organization","name":"RM Mekatronik","url":"https:\/\/rmmekatronik.se\/","logo":{"@type":"ImageObject","inLanguage":"de","@id":"https:\/\/rmmekatronik.se\/#\/schema\/logo\/image\/","url":"https:\/\/rmmekatronik.se\/wp-content\/uploads\/2020\/10\/RM_Mekatronik.png","contentUrl":"https:\/\/rmmekatronik.se\/wp-content\/uploads\/2020\/10\/RM_Mekatronik.png","width":698,"height":112,"caption":"RM Mekatronik"},"image":{"@id":"https:\/\/rmmekatronik.se\/#\/schema\/logo\/image\/"}}]}},"_links":{"self":[{"href":"https:\/\/rmmekatronik.se\/de\/wp-json\/wp\/v2\/pages\/51433","targetHints":{"allow":["GET"]}}],"collection":[{"href":"https:\/\/rmmekatronik.se\/de\/wp-json\/wp\/v2\/pages"}],"about":[{"href":"https:\/\/rmmekatronik.se\/de\/wp-json\/wp\/v2\/types\/page"}],"author":[{"embeddable":true,"href":"https:\/\/rmmekatronik.se\/de\/wp-json\/wp\/v2\/users\/1"}],"replies":[{"embeddable":true,"href":"https:\/\/rmmekatronik.se\/de\/wp-json\/wp\/v2\/comments?post=51433"}],"version-history":[{"count":0,"href":"https:\/\/rmmekatronik.se\/de\/wp-json\/wp\/v2\/pages\/51433\/revisions"}],"wp:attachment":[{"href":"https:\/\/rmmekatronik.se\/de\/wp-json\/wp\/v2\/media?parent=51433"}],"curies":[{"name":"wp","href":"https:\/\/api.w.org\/{rel}","templated":true}]}}