{"id":51673,"date":"2021-02-02T10:41:39","date_gmt":"2021-02-02T09:41:39","guid":{"rendered":"https:\/\/rmmekatronik.se\/?page_id=51673"},"modified":"2021-02-03T10:19:20","modified_gmt":"2021-02-03T09:19:20","slug":"robusta-teknikbodar","status":"publish","type":"page","link":"https:\/\/rmmekatronik.se\/de\/robusta-teknikbodar\/","title":{"rendered":"Landung"},"content":{"rendered":"<p>[et_pb_section fb_built=&#8221;1&#8243; _builder_version=&#8221;4.7.7&#8243; _module_preset=&#8221;default&#8221; background_color=&#8221;rgba(0,0,0,0.53)&#8221; background_image=&#8221;https:\/\/rmmekatronik.se\/wp-content\/uploads\/2020\/11\/IMG_0656-scaled.jpg&#8221; background_blend=&#8221;darken&#8221; min_height=&#8221;95vh&#8221; custom_padding=&#8221;0px||0px||true|false&#8221; da_disable_devices=&#8221;off|off|off&#8221; da_is_popup=&#8221;off&#8221; da_exit_intent=&#8221;off&#8221; da_has_close=&#8221;on&#8221; da_alt_close=&#8221;off&#8221; da_dark_close=&#8221;off&#8221; da_not_modal=&#8221;on&#8221; da_is_singular=&#8221;off&#8221; da_with_loader=&#8221;off&#8221; da_has_shadow=&#8221;on&#8221;][et_pb_row column_structure=&#8221;3_5,2_5&#8243; _builder_version=&#8221;4.7.7&#8243; _module_preset=&#8221;default&#8221; width=&#8221;95%&#8221; max_width=&#8221;95%&#8221;][et_pb_column type=&#8221;3_5&#8243; _builder_version=&#8221;4.7.7&#8243; _module_preset=&#8221;default&#8221;][et_pb_text _builder_version=&#8221;4.7.7&#8243; _module_preset=&#8221;default&#8221; text_text_color=&#8221;#ffffff&#8221; text_font_size=&#8221;16px&#8221; header_text_color=&#8221;#ffffff&#8221; header_line_height=&#8221;1.4em&#8221; header_3_text_color=&#8221;#009edb&#8221; header_3_line_height=&#8221;1.4em&#8221; custom_margin=&#8221;6%||||false|false&#8221;]<\/p>\n<h3>Din v\u00e4g till f\u00f6r ett starkt varum\u00e4rke<\/h3>\n<h1>Robusta teknikbodar f\u00f6r s\u00e4krare och tryggare drift<\/h1>\n<p>Att h\u00e5lla driften av vindkraft, bredband, fiber med mera avbrottsfri, trygg och s\u00e4ker \u00e4r en avg\u00f6rande faktor f\u00f6r att ditt varum\u00e4rke ska bibeh\u00e5lla och st\u00e4rka sitt f\u00f6rtroende. RM Mekatronik har sedan 2000 erbjudit s\u00e4kra infrastrukturl\u00f6sningar f\u00f6r en m\u00e4ngd akt\u00f6rer inom allt ifr\u00e5n energisektorn till sport- och fritidssektorn.<\/p>\n<p>Kontakta oss, s\u00e5 kan vi ber\u00e4tta mer om f\u00f6rdelarna med s\u00e4kra teknikbodar.<\/p>\n<p>[\/et_pb_text][et_pb_social_media_follow use_icon_font_size=&#8221;on&#8221; icon_font_size=&#8221;25px&#8221; _builder_version=&#8221;4.7.7&#8243; _module_preset=&#8221;default&#8221; border_radii=&#8221;on|25px|25px|25px|25px&#8221;][et_pb_social_media_follow_network social_network=&#8221;facebook&#8221; url=&#8221;https:\/\/www.facebook.com\/rmmekatronik&#8221; _builder_version=&#8221;4.7.7&#8243; _module_preset=&#8221;default&#8221; background_color=&#8221;#3b5998&#8243; follow_button=&#8221;off&#8221; url_new_window=&#8221;on&#8221;]facebook[\/et_pb_social_media_follow_network][et_pb_social_media_follow_network social_network=&#8221;instagram&#8221; url=&#8221;https:\/\/www.instagram.com\/rmmekatronik&#8221; _builder_version=&#8221;4.7.7&#8243; _module_preset=&#8221;default&#8221; background_color=&#8221;#ea2c59&#8243; follow_button=&#8221;off&#8221; url_new_window=&#8221;on&#8221;]instagram[\/et_pb_social_media_follow_network][et_pb_social_media_follow_network social_network=&#8221;linkedin&#8221; url=&#8221;https:\/\/www.linkedin.com\/company\/72567510&#8243; _builder_version=&#8221;4.7.7&#8243; _module_preset=&#8221;default&#8221; background_color=&#8221;#007bb6&#8243; follow_button=&#8221;off&#8221; url_new_window=&#8221;on&#8221;]linkedin[\/et_pb_social_media_follow_network][\/et_pb_social_media_follow][\/et_pb_column][et_pb_column type=&#8221;2_5&#8243; _builder_version=&#8221;4.7.7&#8243; _module_preset=&#8221;default&#8221; background_color=&#8221;#009edb&#8221; box_shadow_style=&#8221;preset1&#8243;][et_pb_image src=&#8221;https:\/\/rmmekatronik.se\/wp-content\/uploads\/2021\/02\/midishelter-bla-bakgrund.jpg&#8221; title_text=&#8221;midishelter bl\u00e5 bakgrund&#8221; _builder_version=&#8221;4.7.7&#8243; _module_preset=&#8221;default&#8221; width=&#8221;67%&#8221; module_alignment=&#8221;center&#8221; custom_margin=&#8221;||0px||false|false&#8221;][\/et_pb_image][et_pb_contact_form use_spam_service=&#8221;on&#8221; recaptcha_list=&#8221;RM Mekatronik|RM Mekatronik-0&#8243; email=&#8221;info@rmmekatronik.se&#8221; custom_message=&#8221;%%Name%% har kontaktat er via kontaktformul\u00e4ret och vill bli kontaktad.||et_pb_line_break_holder||||et_pb_line_break_holder||Nedan f\u00f6ljer kontaktuppgifter:||et_pb_line_break_holder||||et_pb_line_break_holder||Namn: %%Name%%||et_pb_line_break_holder||Mejladress: %%Email%%||et_pb_line_break_holder||Telefon: %%Phone%%||et_pb_line_break_holder||F\u00f6retag: %%Company%%&#8221; submit_button_text=&#8221;L\u00e4r dig mer&#8221; _builder_version=&#8221;4.7.7&#8243; _module_preset=&#8221;default&#8221; background_color=&#8221;#d6d6d6&#8243; button_text_color=&#8221;#ffffff&#8221; button_bg_color=&#8221;#2d7360&#8243; button_border_width=&#8221;0px&#8221; button_font=&#8221;|||on|||||&#8221; button_use_icon=&#8221;off&#8221; custom_padding=&#8221;5%|5%|5%|5%|true|true&#8221; hover_transition_duration=&#8221;600ms&#8221; hover_transition_speed_curve=&#8221;ease-in-out&#8221; hover_enabled=&#8221;0&#8243; button_bg_color__hover_enabled=&#8221;on|hover&#8221; button_text_color__hover_enabled=&#8221;on|hover&#8221; button_text_color__hover=&#8221;#2d7360&#8243; button_bg_color__hover=&#8221;#ffffff&#8221; button_bg_enable_color__hover=&#8221;on&#8221; button_letter_spacing__hover_enabled=&#8221;on|desktop&#8221; sticky_enabled=&#8221;0&#8243;][et_pb_contact_field field_id=&#8221;Name&#8221; field_title=&#8221;Namn*&#8221; _builder_version=&#8221;4.7.7&#8243; button_text_size__hover_enabled=&#8221;off&#8221; button_one_text_size__hover_enabled=&#8221;off&#8221; button_two_text_size__hover_enabled=&#8221;off&#8221; button_text_color__hover_enabled=&#8221;off&#8221; button_one_text_color__hover_enabled=&#8221;off&#8221; button_two_text_color__hover_enabled=&#8221;off&#8221; button_border_width__hover_enabled=&#8221;off&#8221; button_one_border_width__hover_enabled=&#8221;off&#8221; button_two_border_width__hover_enabled=&#8221;off&#8221; button_border_color__hover_enabled=&#8221;off&#8221; button_one_border_color__hover_enabled=&#8221;off&#8221; button_two_border_color__hover_enabled=&#8221;off&#8221; button_border_radius__hover_enabled=&#8221;off&#8221; button_one_border_radius__hover_enabled=&#8221;off&#8221; button_two_border_radius__hover_enabled=&#8221;off&#8221; button_letter_spacing__hover_enabled=&#8221;off&#8221; button_one_letter_spacing__hover_enabled=&#8221;off&#8221; button_two_letter_spacing__hover_enabled=&#8221;off&#8221; button_bg_color__hover_enabled=&#8221;off&#8221; button_one_bg_color__hover_enabled=&#8221;off&#8221; button_two_bg_color__hover_enabled=&#8221;off&#8221;][\/et_pb_contact_field][et_pb_contact_field field_id=&#8221;Email&#8221; field_title=&#8221;E-postadress*&#8221; field_type=&#8221;email&#8221; _builder_version=&#8221;4.7.7&#8243; button_text_size__hover_enabled=&#8221;off&#8221; button_one_text_size__hover_enabled=&#8221;off&#8221; button_two_text_size__hover_enabled=&#8221;off&#8221; button_text_color__hover_enabled=&#8221;off&#8221; button_one_text_color__hover_enabled=&#8221;off&#8221; button_two_text_color__hover_enabled=&#8221;off&#8221; button_border_width__hover_enabled=&#8221;off&#8221; button_one_border_width__hover_enabled=&#8221;off&#8221; button_two_border_width__hover_enabled=&#8221;off&#8221; button_border_color__hover_enabled=&#8221;off&#8221; button_one_border_color__hover_enabled=&#8221;off&#8221; button_two_border_color__hover_enabled=&#8221;off&#8221; button_border_radius__hover_enabled=&#8221;off&#8221; button_one_border_radius__hover_enabled=&#8221;off&#8221; button_two_border_radius__hover_enabled=&#8221;off&#8221; button_letter_spacing__hover_enabled=&#8221;off&#8221; button_one_letter_spacing__hover_enabled=&#8221;off&#8221; button_two_letter_spacing__hover_enabled=&#8221;off&#8221; button_bg_color__hover_enabled=&#8221;off&#8221; button_one_bg_color__hover_enabled=&#8221;off&#8221; button_two_bg_color__hover_enabled=&#8221;off&#8221;][\/et_pb_contact_field][et_pb_contact_field field_id=&#8221;Phone&#8221; field_title=&#8221;Telefon*&#8221; _builder_version=&#8221;4.7.7&#8243; _module_preset=&#8221;default&#8221;][\/et_pb_contact_field][et_pb_contact_field field_id=&#8221;Company&#8221; field_title=&#8221;F\u00f6retag&#8221; required_mark=&#8221;off&#8221; _builder_version=&#8221;4.7.7&#8243; _module_preset=&#8221;default&#8221;][\/et_pb_contact_field][\/et_pb_contact_form][\/et_pb_column][\/et_pb_row][\/et_pb_section][et_pb_section fb_built=&#8221;1&#8243; _builder_version=&#8221;4.7.7&#8243; _module_preset=&#8221;default&#8221; background_color=&#8221;rgba(0,0,0,0.37)&#8221; da_disable_devices=&#8221;off|off|off&#8221; da_is_popup=&#8221;off&#8221; da_exit_intent=&#8221;off&#8221; da_has_close=&#8221;on&#8221; da_alt_close=&#8221;off&#8221; da_dark_close=&#8221;off&#8221; da_not_modal=&#8221;on&#8221; da_is_singular=&#8221;off&#8221; da_with_loader=&#8221;off&#8221; da_has_shadow=&#8221;on&#8221;][et_pb_row _builder_version=&#8221;4.7.7&#8243; _module_preset=&#8221;default&#8221;][et_pb_column type=&#8221;4_4&#8243; _builder_version=&#8221;4.7.7&#8243; _module_preset=&#8221;default&#8221;][et_pb_text _builder_version=&#8221;4.7.7&#8243; _module_preset=&#8221;default&#8221; text_text_color=&#8221;#ffffff&#8221; text_font_size=&#8221;20px&#8221; text_letter_spacing=&#8221;1px&#8221; text_line_height=&#8221;1.4em&#8221; header_2_text_color=&#8221;#ffffff&#8221;]<\/p>\n<h2>OM OSS<\/h2>\n<p>RM Mekatronik \u00e4r ett svenskt f\u00f6retag specialiserat p\u00e5 utformning av nyckelf\u00e4rdiga<br \/> teknikbodar och sk\u00e5p f\u00f6r infrastruktur. Vi levererar allt fr\u00e5n ren standard till helt<br \/> kundanpassade l\u00f6sningar till den svenska och internationella marknaden.<\/p>\n<p>[\/et_pb_text][et_pb_button button_text=&#8221;V\u00e5ra produkter&#8221; _builder_version=&#8221;4.7.7&#8243; _module_preset=&#8221;default&#8221; custom_button=&#8221;on&#8221; button_text_color=&#8221;#ffffff&#8221; button_border_width=&#8221;0px&#8221; button_use_icon=&#8221;off&#8221; button_bg_color__hover_enabled=&#8221;on|desktop&#8221; button_bg_color__hover=&#8221;#ffffff&#8221; button_bg_enable_color__hover=&#8221;on&#8221; button_text_color__hover_enabled=&#8221;on|hover&#8221; button_text_color__hover=&#8221;#009edb&#8221;][\/et_pb_button][\/et_pb_column][\/et_pb_row][\/et_pb_section]<\/p>\n","protected":false},"excerpt":{"rendered":"<p>Din v\u00e4g till f\u00f6r ett starkt varum\u00e4rke Robusta teknikbodar f\u00f6r s\u00e4krare och tryggare drift Att h\u00e5lla driften av vindkraft, bredband, fiber med mera avbrottsfri, trygg och s\u00e4ker \u00e4r en avg\u00f6rande faktor f\u00f6r att ditt varum\u00e4rke ska bibeh\u00e5lla och st\u00e4rka sitt f\u00f6rtroende. RM Mekatronik har sedan 2000 erbjudit s\u00e4kra infrastrukturl\u00f6sningar f\u00f6r en m\u00e4ngd akt\u00f6rer inom allt [&hellip;]<\/p>\n","protected":false},"author":1,"featured_media":846,"parent":0,"menu_order":0,"comment_status":"closed","ping_status":"closed","template":"","meta":{"_et_pb_use_builder":"on","_et_pb_old_content":"","_et_gb_content_width":"","footnotes":""},"class_list":["post-51673","page","type-page","status-publish","has-post-thumbnail","hentry"],"yoast_head":"<!-- This site is optimized with the Yoast SEO plugin v27.4 - https:\/\/yoast.com\/product\/yoast-seo-wordpress\/ -->\n<title>Robusta teknikbodar f\u00f6r infrastruktur | RM Mekatronik<\/title>\n<meta name=\"description\" content=\"RM Mekatronik har sedan 2000 tillverkat robusta teknikbodar f\u00f6r allt ifr\u00e5n vindkraft, telecom, fiber, sport m.m.\" \/>\n<meta name=\"robots\" content=\"index, follow, max-snippet:-1, max-image-preview:large, max-video-preview:-1\" \/>\n<link rel=\"canonical\" href=\"https:\/\/rmmekatronik.se\/de\/robusta-teknikbodar\/\" \/>\n<meta property=\"og:locale\" content=\"de_DE\" \/>\n<meta property=\"og:type\" content=\"article\" \/>\n<meta property=\"og:title\" content=\"Robusta teknikbodar f\u00f6r infrastruktur | RM Mekatronik\" \/>\n<meta property=\"og:description\" content=\"RM Mekatronik har sedan 2000 tillverkat robusta teknikbodar f\u00f6r allt ifr\u00e5n vindkraft, telecom, fiber, sport m.m.\" \/>\n<meta property=\"og:url\" content=\"https:\/\/rmmekatronik.se\/de\/robusta-teknikbodar\/\" \/>\n<meta property=\"og:site_name\" content=\"RM Mekatronik\" \/>\n<meta property=\"article:modified_time\" content=\"2021-02-03T09:19:20+00:00\" \/>\n<meta property=\"og:image\" content=\"https:\/\/rmmekatronik.se\/wp-content\/uploads\/2020\/11\/Maxishelter-IMG_9226-scaled.jpg\" \/>\n\t<meta property=\"og:image:width\" content=\"2560\" \/>\n\t<meta property=\"og:image:height\" content=\"1920\" \/>\n\t<meta property=\"og:image:type\" content=\"image\/jpeg\" \/>\n<meta name=\"twitter:card\" content=\"summary_large_image\" \/>\n<meta name=\"twitter:label1\" content=\"Gesch\u00e4tzte Lesezeit\" \/>\n\t<meta name=\"twitter:data1\" content=\"2\u00a0Minuten\" \/>\n<script type=\"application\/ld+json\" class=\"yoast-schema-graph\">{\"@context\":\"https:\\\/\\\/schema.org\",\"@graph\":[{\"@type\":\"WebPage\",\"@id\":\"https:\\\/\\\/rmmekatronik.se\\\/fr\\\/robusta-teknikbodar\\\/\",\"url\":\"https:\\\/\\\/rmmekatronik.se\\\/fr\\\/robusta-teknikbodar\\\/\",\"name\":\"Robusta teknikbodar f\u00f6r infrastruktur | RM Mekatronik\",\"isPartOf\":{\"@id\":\"https:\\\/\\\/rmmekatronik.se\\\/#website\"},\"primaryImageOfPage\":{\"@id\":\"https:\\\/\\\/rmmekatronik.se\\\/fr\\\/robusta-teknikbodar\\\/#primaryimage\"},\"image\":{\"@id\":\"https:\\\/\\\/rmmekatronik.se\\\/fr\\\/robusta-teknikbodar\\\/#primaryimage\"},\"thumbnailUrl\":\"https:\\\/\\\/rmmekatronik.se\\\/wp-content\\\/uploads\\\/2020\\\/11\\\/Maxishelter-IMG_9226-scaled.jpg\",\"datePublished\":\"2021-02-02T09:41:39+00:00\",\"dateModified\":\"2021-02-03T09:19:20+00:00\",\"description\":\"RM Mekatronik har sedan 2000 tillverkat robusta teknikbodar f\u00f6r allt ifr\u00e5n vindkraft, telecom, fiber, sport m.m.\",\"breadcrumb\":{\"@id\":\"https:\\\/\\\/rmmekatronik.se\\\/fr\\\/robusta-teknikbodar\\\/#breadcrumb\"},\"inLanguage\":\"de\",\"potentialAction\":[{\"@type\":\"ReadAction\",\"target\":[\"https:\\\/\\\/rmmekatronik.se\\\/fr\\\/robusta-teknikbodar\\\/\"]}]},{\"@type\":\"ImageObject\",\"inLanguage\":\"de\",\"@id\":\"https:\\\/\\\/rmmekatronik.se\\\/fr\\\/robusta-teknikbodar\\\/#primaryimage\",\"url\":\"https:\\\/\\\/rmmekatronik.se\\\/wp-content\\\/uploads\\\/2020\\\/11\\\/Maxishelter-IMG_9226-scaled.jpg\",\"contentUrl\":\"https:\\\/\\\/rmmekatronik.se\\\/wp-content\\\/uploads\\\/2020\\\/11\\\/Maxishelter-IMG_9226-scaled.jpg\",\"width\":2560,\"height\":1920,\"caption\":\"Smidig leverans\"},{\"@type\":\"BreadcrumbList\",\"@id\":\"https:\\\/\\\/rmmekatronik.se\\\/fr\\\/robusta-teknikbodar\\\/#breadcrumb\",\"itemListElement\":[{\"@type\":\"ListItem\",\"position\":1,\"name\":\"Hem\",\"item\":\"https:\\\/\\\/rmmekatronik.se\\\/\"},{\"@type\":\"ListItem\",\"position\":2,\"name\":\"Landing\"}]},{\"@type\":\"WebSite\",\"@id\":\"https:\\\/\\\/rmmekatronik.se\\\/#website\",\"url\":\"https:\\\/\\\/rmmekatronik.se\\\/\",\"name\":\"RM Mekatronik\",\"description\":\"Site Solutions\",\"publisher\":{\"@id\":\"https:\\\/\\\/rmmekatronik.se\\\/#organization\"},\"potentialAction\":[{\"@type\":\"SearchAction\",\"target\":{\"@type\":\"EntryPoint\",\"urlTemplate\":\"https:\\\/\\\/rmmekatronik.se\\\/?s={search_term_string}\"},\"query-input\":{\"@type\":\"PropertyValueSpecification\",\"valueRequired\":true,\"valueName\":\"search_term_string\"}}],\"inLanguage\":\"de\"},{\"@type\":\"Organization\",\"@id\":\"https:\\\/\\\/rmmekatronik.se\\\/#organization\",\"name\":\"RM Mekatronik\",\"url\":\"https:\\\/\\\/rmmekatronik.se\\\/\",\"logo\":{\"@type\":\"ImageObject\",\"inLanguage\":\"de\",\"@id\":\"https:\\\/\\\/rmmekatronik.se\\\/#\\\/schema\\\/logo\\\/image\\\/\",\"url\":\"https:\\\/\\\/rmmekatronik.se\\\/wp-content\\\/uploads\\\/2020\\\/10\\\/RM_Mekatronik.png\",\"contentUrl\":\"https:\\\/\\\/rmmekatronik.se\\\/wp-content\\\/uploads\\\/2020\\\/10\\\/RM_Mekatronik.png\",\"width\":698,\"height\":112,\"caption\":\"RM Mekatronik\"},\"image\":{\"@id\":\"https:\\\/\\\/rmmekatronik.se\\\/#\\\/schema\\\/logo\\\/image\\\/\"}}]}<\/script>\n<!-- \/ Yoast SEO plugin. -->","yoast_head_json":{"title":"Robuste Technologie-Schuppen f\u00fcr die Infrastruktur RM Mechatronik","description":"Seit dem Jahr 2000 stellt RM Mekatronik robuste Technologiest\u00e4nde f\u00fcr Windkraft, Telekommunikation, Glasfaser, Sport usw. her.","robots":{"index":"index","follow":"follow","max-snippet":"max-snippet:-1","max-image-preview":"max-image-preview:large","max-video-preview":"max-video-preview:-1"},"canonical":"https:\/\/rmmekatronik.se\/de\/robusta-teknikbodar\/","og_locale":"de_DE","og_type":"article","og_title":"Robusta teknikbodar f\u00f6r infrastruktur | RM Mekatronik","og_description":"RM Mekatronik har sedan 2000 tillverkat robusta teknikbodar f\u00f6r allt ifr\u00e5n vindkraft, telecom, fiber, sport m.m.","og_url":"https:\/\/rmmekatronik.se\/de\/robusta-teknikbodar\/","og_site_name":"RM Mekatronik","article_modified_time":"2021-02-03T09:19:20+00:00","og_image":[{"width":2560,"height":1920,"url":"https:\/\/rmmekatronik.se\/wp-content\/uploads\/2020\/11\/Maxishelter-IMG_9226-scaled.jpg","type":"image\/jpeg"}],"twitter_card":"summary_large_image","twitter_misc":{"Gesch\u00e4tzte Lesezeit":"2\u00a0Minuten"},"schema":{"@context":"https:\/\/schema.org","@graph":[{"@type":"WebPage","@id":"https:\/\/rmmekatronik.se\/fr\/robusta-teknikbodar\/","url":"https:\/\/rmmekatronik.se\/fr\/robusta-teknikbodar\/","name":"Robuste Technologie-Schuppen f\u00fcr die Infrastruktur RM Mechatronik","isPartOf":{"@id":"https:\/\/rmmekatronik.se\/#website"},"primaryImageOfPage":{"@id":"https:\/\/rmmekatronik.se\/fr\/robusta-teknikbodar\/#primaryimage"},"image":{"@id":"https:\/\/rmmekatronik.se\/fr\/robusta-teknikbodar\/#primaryimage"},"thumbnailUrl":"https:\/\/rmmekatronik.se\/wp-content\/uploads\/2020\/11\/Maxishelter-IMG_9226-scaled.jpg","datePublished":"2021-02-02T09:41:39+00:00","dateModified":"2021-02-03T09:19:20+00:00","description":"Seit dem Jahr 2000 stellt RM Mekatronik robuste Technologiest\u00e4nde f\u00fcr Windkraft, Telekommunikation, Glasfaser, Sport usw. her.","breadcrumb":{"@id":"https:\/\/rmmekatronik.se\/fr\/robusta-teknikbodar\/#breadcrumb"},"inLanguage":"de","potentialAction":[{"@type":"ReadAction","target":["https:\/\/rmmekatronik.se\/fr\/robusta-teknikbodar\/"]}]},{"@type":"ImageObject","inLanguage":"de","@id":"https:\/\/rmmekatronik.se\/fr\/robusta-teknikbodar\/#primaryimage","url":"https:\/\/rmmekatronik.se\/wp-content\/uploads\/2020\/11\/Maxishelter-IMG_9226-scaled.jpg","contentUrl":"https:\/\/rmmekatronik.se\/wp-content\/uploads\/2020\/11\/Maxishelter-IMG_9226-scaled.jpg","width":2560,"height":1920,"caption":"Smidig leverans"},{"@type":"BreadcrumbList","@id":"https:\/\/rmmekatronik.se\/fr\/robusta-teknikbodar\/#breadcrumb","itemListElement":[{"@type":"ListItem","position":1,"name":"Hem","item":"https:\/\/rmmekatronik.se\/"},{"@type":"ListItem","position":2,"name":"Landing"}]},{"@type":"WebSite","@id":"https:\/\/rmmekatronik.se\/#website","url":"https:\/\/rmmekatronik.se\/","name":"RM Mekatronik","description":"Site-L\u00f6sungen","publisher":{"@id":"https:\/\/rmmekatronik.se\/#organization"},"potentialAction":[{"@type":"SearchAction","target":{"@type":"EntryPoint","urlTemplate":"https:\/\/rmmekatronik.se\/?s={search_term_string}"},"query-input":{"@type":"PropertyValueSpecification","valueRequired":true,"valueName":"search_term_string"}}],"inLanguage":"de"},{"@type":"Organization","@id":"https:\/\/rmmekatronik.se\/#organization","name":"RM Mekatronik","url":"https:\/\/rmmekatronik.se\/","logo":{"@type":"ImageObject","inLanguage":"de","@id":"https:\/\/rmmekatronik.se\/#\/schema\/logo\/image\/","url":"https:\/\/rmmekatronik.se\/wp-content\/uploads\/2020\/10\/RM_Mekatronik.png","contentUrl":"https:\/\/rmmekatronik.se\/wp-content\/uploads\/2020\/10\/RM_Mekatronik.png","width":698,"height":112,"caption":"RM Mekatronik"},"image":{"@id":"https:\/\/rmmekatronik.se\/#\/schema\/logo\/image\/"}}]}},"_links":{"self":[{"href":"https:\/\/rmmekatronik.se\/de\/wp-json\/wp\/v2\/pages\/51673","targetHints":{"allow":["GET"]}}],"collection":[{"href":"https:\/\/rmmekatronik.se\/de\/wp-json\/wp\/v2\/pages"}],"about":[{"href":"https:\/\/rmmekatronik.se\/de\/wp-json\/wp\/v2\/types\/page"}],"author":[{"embeddable":true,"href":"https:\/\/rmmekatronik.se\/de\/wp-json\/wp\/v2\/users\/1"}],"replies":[{"embeddable":true,"href":"https:\/\/rmmekatronik.se\/de\/wp-json\/wp\/v2\/comments?post=51673"}],"version-history":[{"count":0,"href":"https:\/\/rmmekatronik.se\/de\/wp-json\/wp\/v2\/pages\/51673\/revisions"}],"wp:featuredmedia":[{"embeddable":true,"href":"https:\/\/rmmekatronik.se\/de\/wp-json\/wp\/v2\/media\/846"}],"wp:attachment":[{"href":"https:\/\/rmmekatronik.se\/de\/wp-json\/wp\/v2\/media?parent=51673"}],"curies":[{"name":"wp","href":"https:\/\/api.w.org\/{rel}","templated":true}]}}