{"id":233,"date":"2020-10-07T09:53:50","date_gmt":"2020-10-07T07:53:50","guid":{"rendered":"http:\/\/rmmekatronik.se\/?page_id=233"},"modified":"2021-01-08T13:53:00","modified_gmt":"2021-01-08T12:53:00","slug":"om-rm-mekatronik","status":"publish","type":"page","link":"https:\/\/rmmekatronik.se\/fi\/om-rm-mekatronik\/","title":{"rendered":"yrityksest\u00e4"},"content":{"rendered":"<p>[et_pb_section fb_built=&#8221;1&#8243; _builder_version=&#8221;4.6.0&#8243; _module_preset=&#8221;default&#8221; background_color=&#8221;rgba(0,0,0,0)&#8221; min_height=&#8221;20vh&#8221; height=&#8221;30%&#8221; max_height=&#8221;63%&#8221; max_height_tablet=&#8221;&#8221; max_height_phone=&#8221;30%&#8221; max_height_last_edited=&#8221;on|phone&#8221; custom_padding=&#8221;0px||0px||false|false&#8221; da_disable_devices=&#8221;off|off|off&#8221; da_is_popup=&#8221;off&#8221; da_exit_intent=&#8221;off&#8221; da_has_close=&#8221;on&#8221; da_alt_close=&#8221;off&#8221; da_dark_close=&#8221;off&#8221; da_not_modal=&#8221;on&#8221; da_is_singular=&#8221;off&#8221; da_with_loader=&#8221;off&#8221; da_has_shadow=&#8221;on&#8221;][et_pb_row _builder_version=&#8221;4.7.7&#8243; _module_preset=&#8221;default&#8221; background_enable_color=&#8221;off&#8221; background_image=&#8221;https:\/\/rmmekatronik.se\/wp-content\/uploads\/2020\/10\/bakgrund-om-oss-1.jpg&#8221; width=&#8221;100%&#8221; max_width=&#8221;100%&#8221; min_height=&#8221;50vh&#8221; min_height_tablet=&#8221;&#8221; min_height_phone=&#8221;22vh&#8221; min_height_last_edited=&#8221;on|phone&#8221; height=&#8221;69%&#8221; max_height=&#8221;70%&#8221; custom_margin=&#8221;0px|0px|0px|0px|false|false&#8221; custom_padding=&#8221;0px|0px|0px|0px|true|false&#8221; hover_enabled=&#8221;0&#8243; sticky_enabled=&#8221;0&#8243;][et_pb_column type=&#8221;4_4&#8243; _builder_version=&#8221;4.6.0&#8243; _module_preset=&#8221;default&#8221; background_enable_image=&#8221;off&#8221;][et_pb_text _builder_version=&#8221;4.7.7&#8243; _module_preset=&#8221;default&#8221; text_font=&#8221;Futura||||||||&#8221; text_text_color=&#8221;#ffffff&#8221; text_font_size=&#8221;16px&#8221; header_font=&#8221;|600|||||||&#8221; header_2_font=&#8221;Exo|600|on||||||&#8221; header_2_text_color=&#8221;#ffffff&#8221; header_2_font_size=&#8221;50px&#8221; custom_padding=&#8221;10%|30%||30%|false|true&#8221; custom_padding_tablet=&#8221;|10%||10%|false|true&#8221; custom_padding_phone=&#8221;|5%||5%|false|true&#8221; custom_padding_last_edited=&#8221;on|phone&#8221; hover_enabled=&#8221;0&#8243; sticky_enabled=&#8221;0&#8243;]<\/p>\n<h2 style=\"text-align: center;\">OM OSS<\/h2>\n<p style=\"text-align: center;\">\n[\/et_pb_text][\/et_pb_column][\/et_pb_row][\/et_pb_section][et_pb_section fb_built=&#8221;1&#8243; _builder_version=&#8221;4.6.0&#8243; _module_preset=&#8221;default&#8221; da_disable_devices=&#8221;off|off|off&#8221; da_is_popup=&#8221;off&#8221; da_exit_intent=&#8221;off&#8221; da_has_close=&#8221;on&#8221; da_alt_close=&#8221;off&#8221; da_dark_close=&#8221;off&#8221; da_not_modal=&#8221;on&#8221; da_is_singular=&#8221;off&#8221; da_with_loader=&#8221;off&#8221; da_has_shadow=&#8221;on&#8221;][et_pb_row column_structure=&#8221;3_5,2_5&#8243; _builder_version=&#8221;4.6.0&#8243; _module_preset=&#8221;default&#8221; width=&#8221;70%&#8221; max_width=&#8221;70%&#8221; custom_margin=&#8221;0px||0px||false|false&#8221; custom_padding=&#8221;0px||3.5%||false|false&#8221;][et_pb_column type=&#8221;3_5&#8243; _builder_version=&#8221;4.6.0&#8243; _module_preset=&#8221;default&#8221;][et_pb_image src=&#8221;https:\/\/rmmekatronik.se\/wp-content\/uploads\/2020\/10\/husbilder-7-5.jpg&#8221; alt=&#8221;leverans&#8221; title_text=&#8221;Leverans&#8221; _builder_version=&#8221;4.6.0&#8243; _module_preset=&#8221;default&#8221;][\/et_pb_image][\/et_pb_column][et_pb_column type=&#8221;2_5&#8243; _builder_version=&#8221;4.6.0&#8243; _module_preset=&#8221;default&#8221;][et_pb_text _builder_version=&#8221;4.6.0&#8243; _module_preset=&#8221;default&#8221; text_font=&#8221;Futura||||||||&#8221; text_font_size=&#8221;16px&#8221; header_2_font=&#8221;|600|||||||&#8221;]<\/p>\n<h2>Historia<\/h2>\n<p>RM Mekatronik AB grundades \u00e5r 2000 och har sedan starten levererat n\u00e5gra tusen teknikbodar. Kunderna har varit verksamma i vitt skilda omr\u00e5den s\u00e5som fiber, telekom, datasystem, f\u00f6rsvar, energi, vind, vatten och milj\u00f6. Produkterna har skickats till skilda v\u00e4rldsdelar s\u00e5 som Europa, Afrika, Asien.\u00a0<br \/> Personalen har l\u00e5ng och bred erfarenhet av att utforma, projektera och leverera teknikbodl\u00f6sningar och d\u00e5 vi geografiskt finns n\u00e4ra v\u00e5ra underleverant\u00f6rer har vi genom \u00e5ren utvecklat ett n\u00e4ra samarbete som har gjort oss mycket flexibla och med den personliga servicen alltid som m\u00e5l.<\/p>\n<p>[\/et_pb_text][\/et_pb_column][\/et_pb_row][et_pb_row use_custom_gutter=&#8221;on&#8221; gutter_width=&#8221;2&#8243; _builder_version=&#8221;4.6.0&#8243; _module_preset=&#8221;default&#8221; width=&#8221;85%&#8221; max_width=&#8221;85%&#8221;][et_pb_column type=&#8221;4_4&#8243; _builder_version=&#8221;4.6.0&#8243; _module_preset=&#8221;default&#8221;][et_pb_gallery gallery_ids=&#8221;51421,51422,51423,51424,51425,51426,51528,51559,828,51543,51536&#8243; posts_number=&#8221;8&#8243; show_title_and_caption=&#8221;off&#8221; _builder_version=&#8221;4.6.0&#8243; _module_preset=&#8221;default&#8221;][\/et_pb_gallery][\/et_pb_column][\/et_pb_row][et_pb_row disabled_on=&#8221;off|off|off&#8221; _builder_version=&#8221;4.6.0&#8243; _module_preset=&#8221;default&#8221; custom_margin=&#8221;2%||||false|false&#8221;][et_pb_column type=&#8221;4_4&#8243; _builder_version=&#8221;4.6.0&#8243; _module_preset=&#8221;default&#8221;][et_pb_text _builder_version=&#8221;4.6.0&#8243; _module_preset=&#8221;default&#8221; text_font=&#8221;Futura||||||||&#8221; header_2_font=&#8221;Exo||||||||&#8221; header_2_font_size=&#8221;30px&#8221; header_2_line_height=&#8221;1.4em&#8221;]<\/p>\n<h2 style=\"text-align: center;\">Certifikat<\/h2>\n<p>[\/et_pb_text][\/et_pb_column][\/et_pb_row][et_pb_row column_structure=&#8221;1_2,1_2&#8243; disabled_on=&#8221;off|off|off&#8221; _builder_version=&#8221;4.6.0&#8243; _module_preset=&#8221;default&#8221; width=&#8221;60%&#8221; max_width=&#8221;60%&#8221;][et_pb_column type=&#8221;1_2&#8243; _builder_version=&#8221;4.6.0&#8243; _module_preset=&#8221;default&#8221;][et_pb_image src=&#8221;https:\/\/rmmekatronik.se\/wp-content\/uploads\/2020\/10\/Engelskt-VVV_diplom_B.jpg&#8221; title_text=&#8221;Certifikat&#8221; _builder_version=&#8221;4.6.0&#8243; _module_preset=&#8221;default&#8221; width=&#8221;60%&#8221; max_width=&#8221;60%&#8221; custom_margin=&#8221;|||20%|false|false&#8221; custom_padding=&#8221;|||0%|false|false&#8221;][\/et_pb_image][\/et_pb_column][et_pb_column type=&#8221;1_2&#8243; _builder_version=&#8221;4.6.0&#8243; _module_preset=&#8221;default&#8221;][et_pb_image src=&#8221;https:\/\/rmmekatronik.se\/wp-content\/uploads\/2020\/10\/Superforetag_2017-450&#215;450-1.jpg&#8221; title_text=&#8221;Superforetag_2017-450&#215;450&#8243; _builder_version=&#8221;4.6.0&#8243; _module_preset=&#8221;default&#8221; custom_margin=&#8221;|0%|||false|false&#8221; custom_padding=&#8221;|0px||10%|false|false&#8221;][\/et_pb_image][\/et_pb_column][\/et_pb_row][\/et_pb_section]<\/p>\n","protected":false},"excerpt":{"rendered":"<p>OM OSS Historia RM Mekatronik AB grundades \u00e5r 2000 och har sedan starten levererat n\u00e5gra tusen teknikbodar. Kunderna har varit verksamma i vitt skilda omr\u00e5den s\u00e5som fiber, telekom, datasystem, f\u00f6rsvar, energi, vind, vatten och milj\u00f6. Produkterna har skickats till skilda v\u00e4rldsdelar s\u00e5 som Europa, Afrika, Asien.\u00a0 Personalen har l\u00e5ng och bred erfarenhet av att utforma, [&hellip;]<\/p>\n","protected":false},"author":1,"featured_media":0,"parent":0,"menu_order":0,"comment_status":"closed","ping_status":"closed","template":"","meta":{"_et_pb_use_builder":"on","_et_pb_old_content":"","_et_gb_content_width":"","footnotes":""},"class_list":["post-233","page","type-page","status-publish","hentry"],"yoast_head":"<!-- This site is optimized with the Yoast SEO plugin v27.1.1 - https:\/\/yoast.com\/product\/yoast-seo-wordpress\/ -->\n<title>Om RM Mekatronik | RM Mekatronik<\/title>\n<meta name=\"description\" content=\"RM Mekatronik startades # i Laholm av H\u00e5kan Bergman *\" \/>\n<meta name=\"robots\" content=\"index, follow, max-snippet:-1, max-image-preview:large, max-video-preview:-1\" \/>\n<link rel=\"canonical\" href=\"https:\/\/rmmekatronik.se\/fi\/om-rm-mekatronik\/\" \/>\n<meta property=\"og:locale\" content=\"fi_FI\" \/>\n<meta property=\"og:type\" content=\"article\" \/>\n<meta property=\"og:title\" content=\"Om RM Mekatronik | RM Mekatronik\" \/>\n<meta property=\"og:description\" content=\"RM Mekatronik startades # i Laholm av H\u00e5kan Bergman *\" \/>\n<meta property=\"og:url\" content=\"https:\/\/rmmekatronik.se\/fi\/om-rm-mekatronik\/\" \/>\n<meta property=\"og:site_name\" content=\"RM Mekatronik\" \/>\n<meta property=\"article:modified_time\" content=\"2021-01-08T12:53:00+00:00\" \/>\n<meta name=\"twitter:card\" content=\"summary_large_image\" \/>\n<meta name=\"twitter:label1\" content=\"Arvioitu lukuaika\" \/>\n\t<meta name=\"twitter:data1\" content=\"4 minuuttia\" \/>\n<script type=\"application\/ld+json\" class=\"yoast-schema-graph\">{\"@context\":\"https:\/\/schema.org\",\"@graph\":[{\"@type\":\"WebPage\",\"@id\":\"https:\/\/rmmekatronik.se\/en\/om-rm-mekatronik\/\",\"url\":\"https:\/\/rmmekatronik.se\/en\/om-rm-mekatronik\/\",\"name\":\"Om RM Mekatronik | RM Mekatronik\",\"isPartOf\":{\"@id\":\"https:\/\/rmmekatronik.se\/#website\"},\"datePublished\":\"2020-10-07T07:53:50+00:00\",\"dateModified\":\"2021-01-08T12:53:00+00:00\",\"description\":\"RM Mekatronik startades # i Laholm av H\u00e5kan Bergman *\",\"breadcrumb\":{\"@id\":\"https:\/\/rmmekatronik.se\/en\/om-rm-mekatronik\/#breadcrumb\"},\"inLanguage\":\"fi\",\"potentialAction\":[{\"@type\":\"ReadAction\",\"target\":[\"https:\/\/rmmekatronik.se\/en\/om-rm-mekatronik\/\"]}]},{\"@type\":\"BreadcrumbList\",\"@id\":\"https:\/\/rmmekatronik.se\/en\/om-rm-mekatronik\/#breadcrumb\",\"itemListElement\":[{\"@type\":\"ListItem\",\"position\":1,\"name\":\"Hem\",\"item\":\"https:\/\/rmmekatronik.se\/\"},{\"@type\":\"ListItem\",\"position\":2,\"name\":\"Om f\u00f6retaget\"}]},{\"@type\":\"WebSite\",\"@id\":\"https:\/\/rmmekatronik.se\/#website\",\"url\":\"https:\/\/rmmekatronik.se\/\",\"name\":\"RM Mekatronik\",\"description\":\"Site Solutions\",\"publisher\":{\"@id\":\"https:\/\/rmmekatronik.se\/#organization\"},\"potentialAction\":[{\"@type\":\"SearchAction\",\"target\":{\"@type\":\"EntryPoint\",\"urlTemplate\":\"https:\/\/rmmekatronik.se\/?s={search_term_string}\"},\"query-input\":{\"@type\":\"PropertyValueSpecification\",\"valueRequired\":true,\"valueName\":\"search_term_string\"}}],\"inLanguage\":\"fi\"},{\"@type\":\"Organization\",\"@id\":\"https:\/\/rmmekatronik.se\/#organization\",\"name\":\"RM Mekatronik\",\"url\":\"https:\/\/rmmekatronik.se\/\",\"logo\":{\"@type\":\"ImageObject\",\"inLanguage\":\"fi\",\"@id\":\"https:\/\/rmmekatronik.se\/#\/schema\/logo\/image\/\",\"url\":\"https:\/\/rmmekatronik.se\/wp-content\/uploads\/2020\/10\/RM_Mekatronik.png\",\"contentUrl\":\"https:\/\/rmmekatronik.se\/wp-content\/uploads\/2020\/10\/RM_Mekatronik.png\",\"width\":698,\"height\":112,\"caption\":\"RM Mekatronik\"},\"image\":{\"@id\":\"https:\/\/rmmekatronik.se\/#\/schema\/logo\/image\/\"}}]}<\/script>\n<!-- \/ Yoast SEO plugin. -->","yoast_head_json":{"title":"Tietoja RM Mechatronicsista RM mekatroniikka","description":"RM Mechatronics aloitti #: n Laholmissa H\u00e5kan Bergmanin toimesta *","robots":{"index":"index","follow":"follow","max-snippet":"max-snippet:-1","max-image-preview":"max-image-preview:large","max-video-preview":"max-video-preview:-1"},"canonical":"https:\/\/rmmekatronik.se\/fi\/om-rm-mekatronik\/","og_locale":"fi_FI","og_type":"article","og_title":"Om RM Mekatronik | RM Mekatronik","og_description":"RM Mekatronik startades # i Laholm av H\u00e5kan Bergman *","og_url":"https:\/\/rmmekatronik.se\/fi\/om-rm-mekatronik\/","og_site_name":"RM Mekatronik","article_modified_time":"2021-01-08T12:53:00+00:00","twitter_card":"summary_large_image","twitter_misc":{"Arvioitu lukuaika":"4 minuuttia"},"schema":{"@context":"https:\/\/schema.org","@graph":[{"@type":"WebPage","@id":"https:\/\/rmmekatronik.se\/en\/om-rm-mekatronik\/","url":"https:\/\/rmmekatronik.se\/en\/om-rm-mekatronik\/","name":"Tietoja RM Mechatronicsista RM mekatroniikka","isPartOf":{"@id":"https:\/\/rmmekatronik.se\/#website"},"datePublished":"2020-10-07T07:53:50+00:00","dateModified":"2021-01-08T12:53:00+00:00","description":"RM Mechatronics aloitti #: n Laholmissa H\u00e5kan Bergmanin toimesta *","breadcrumb":{"@id":"https:\/\/rmmekatronik.se\/en\/om-rm-mekatronik\/#breadcrumb"},"inLanguage":"fi","potentialAction":[{"@type":"ReadAction","target":["https:\/\/rmmekatronik.se\/en\/om-rm-mekatronik\/"]}]},{"@type":"BreadcrumbList","@id":"https:\/\/rmmekatronik.se\/en\/om-rm-mekatronik\/#breadcrumb","itemListElement":[{"@type":"ListItem","position":1,"name":"Hem","item":"https:\/\/rmmekatronik.se\/"},{"@type":"ListItem","position":2,"name":"Om f\u00f6retaget"}]},{"@type":"WebSite","@id":"https:\/\/rmmekatronik.se\/#website","url":"https:\/\/rmmekatronik.se\/","name":"RM mekatroniikka","description":"Sivuston ratkaisut","publisher":{"@id":"https:\/\/rmmekatronik.se\/#organization"},"potentialAction":[{"@type":"SearchAction","target":{"@type":"EntryPoint","urlTemplate":"https:\/\/rmmekatronik.se\/?s={search_term_string}"},"query-input":{"@type":"PropertyValueSpecification","valueRequired":true,"valueName":"search_term_string"}}],"inLanguage":"fi"},{"@type":"Organization","@id":"https:\/\/rmmekatronik.se\/#organization","name":"RM mekatroniikka","url":"https:\/\/rmmekatronik.se\/","logo":{"@type":"ImageObject","inLanguage":"fi","@id":"https:\/\/rmmekatronik.se\/#\/schema\/logo\/image\/","url":"https:\/\/rmmekatronik.se\/wp-content\/uploads\/2020\/10\/RM_Mekatronik.png","contentUrl":"https:\/\/rmmekatronik.se\/wp-content\/uploads\/2020\/10\/RM_Mekatronik.png","width":698,"height":112,"caption":"RM Mekatronik"},"image":{"@id":"https:\/\/rmmekatronik.se\/#\/schema\/logo\/image\/"}}]}},"_links":{"self":[{"href":"https:\/\/rmmekatronik.se\/fi\/wp-json\/wp\/v2\/pages\/233","targetHints":{"allow":["GET"]}}],"collection":[{"href":"https:\/\/rmmekatronik.se\/fi\/wp-json\/wp\/v2\/pages"}],"about":[{"href":"https:\/\/rmmekatronik.se\/fi\/wp-json\/wp\/v2\/types\/page"}],"author":[{"embeddable":true,"href":"https:\/\/rmmekatronik.se\/fi\/wp-json\/wp\/v2\/users\/1"}],"replies":[{"embeddable":true,"href":"https:\/\/rmmekatronik.se\/fi\/wp-json\/wp\/v2\/comments?post=233"}],"version-history":[{"count":0,"href":"https:\/\/rmmekatronik.se\/fi\/wp-json\/wp\/v2\/pages\/233\/revisions"}],"wp:attachment":[{"href":"https:\/\/rmmekatronik.se\/fi\/wp-json\/wp\/v2\/media?parent=233"}],"curies":[{"name":"wp","href":"https:\/\/api.w.org\/{rel}","templated":true}]}}