{"id":143,"date":"2020-10-06T09:31:13","date_gmt":"2020-10-06T07:31:13","guid":{"rendered":"http:\/\/rmmekatronik.se\/?page_id=143"},"modified":"2026-03-11T10:13:42","modified_gmt":"2026-03-11T09:13:42","slug":"kontakt","status":"publish","type":"page","link":"https:\/\/rmmekatronik.se\/fr\/kontakt\/","title":{"rendered":"prise de courant"},"content":{"rendered":"<p>[et_pb_section fb_built=&#8221;1&#8243; admin_label=&#8221;Section&#8221; _builder_version=&#8221;4.16&#8243; _module_preset=&#8221;default&#8221; background_enable_color=&#8221;off&#8221; background_image=&#8221;https:\/\/rmmekatronik.se\/wp-content\/uploads\/2020\/10\/service-bil-bakgrund-1.jpg&#8221; min_height=&#8221;50vh&#8221; min_height_tablet=&#8221;&#8221; min_height_phone=&#8221;25%&#8221; min_height_last_edited=&#8221;on|phone&#8221; height=&#8221;50vh&#8221; height_tablet=&#8221;&#8221; height_phone=&#8221;26%&#8221; height_last_edited=&#8221;on|phone&#8221; max_height=&#8221;25%&#8221; global_colors_info=&#8221;{}&#8221;][et_pb_row _builder_version=&#8221;4.16&#8243; _module_preset=&#8221;default&#8221; width=&#8221;90%&#8221; max_width=&#8221;90%&#8221; custom_margin=&#8221;5.3%|auto|5.3%|auto|true|false&#8221; custom_padding=&#8221;||||true|false&#8221; global_colors_info=&#8221;{}&#8221;][et_pb_column type=&#8221;4_4&#8243; _builder_version=&#8221;4.16&#8243; _module_preset=&#8221;default&#8221; global_colors_info=&#8221;{}&#8221;][et_pb_text _builder_version=&#8221;4.16&#8243; _module_preset=&#8221;default&#8221; header_font=&#8221;Exo|600|on||||||&#8221; header_text_color=&#8221;#ffffff&#8221; header_font_size=&#8221;50px&#8221; custom_padding=&#8221;2%||2%||true|false&#8221; global_colors_info=&#8221;{}&#8221;]<\/p>\n<h1 style=\"text-align: center;\">KONTAKTA OSS<\/h1>\n<p>[\/et_pb_text][\/et_pb_column][\/et_pb_row][\/et_pb_section][et_pb_section fb_built=&#8221;1&#8243; custom_padding_last_edited=&#8221;on|phone&#8221; admin_label=&#8221;Section&#8221; _builder_version=&#8221;4.27.4&#8243; _module_preset=&#8221;default&#8221; custom_padding=&#8221;100px|50px|100px|50px|true|true&#8221; custom_padding_tablet=&#8221;80px|30px|80px|30px|true|true&#8221; custom_padding_phone=&#8221;50px|20px|50px|20px|true|true&#8221; global_colors_info=&#8221;{}&#8221;][et_pb_row use_custom_gutter=&#8221;on&#8221; gutter_width=&#8221;2&#8243; _builder_version=&#8221;4.27.4&#8243; _module_preset=&#8221;default&#8221; width=&#8221;100%&#8221; max_width=&#8221;700px&#8221; custom_margin=&#8221;||50px||false|false&#8221; custom_padding=&#8221;0px||0px||true|false&#8221; global_colors_info=&#8221;{}&#8221;][et_pb_column type=&#8221;4_4&#8243; _builder_version=&#8221;4.27.4&#8243; _module_preset=&#8221;default&#8221; global_colors_info=&#8221;{}&#8221;][et_pb_text _builder_version=&#8221;4.27.4&#8243; _module_preset=&#8221;default&#8221; text_font_size=&#8221;15px&#8221; header_2_font_size=&#8221;34px&#8221; header_2_line_height=&#8221;1.3em&#8221; text_orientation=&#8221;center&#8221; global_colors_info=&#8221;{}&#8221;]<\/p>\n<h2>V\u00e5ra medarbetare<\/h2>\n<p>H\u00e4r hittar du kontaktuppgifterna till v\u00e5ra medarbetare. Tveka inte att ta kontakt med oss, det g\u00e5r ocks\u00e5 bra att skriva till oss direkt via kontaktformul\u00e4ret nedan.<\/p>\n<p>[\/et_pb_text][\/et_pb_column][\/et_pb_row][et_pb_row column_structure=&#8221;1_4,1_4,1_4,1_4&#8243; use_custom_gutter=&#8221;on&#8221; gutter_width=&#8221;2&#8243; _builder_version=&#8221;4.27.4&#8243; _module_preset=&#8221;default&#8221; width=&#8221;100%&#8221; max_width=&#8221;1200px&#8221; custom_padding=&#8221;0px||0px||true|false&#8221; global_colors_info=&#8221;{}&#8221;][et_pb_column type=&#8221;1_4&#8243; _builder_version=&#8221;4.27.4&#8243; _module_preset=&#8221;default&#8221; box_shadow_style=&#8221;preset3&#8243; box_shadow_color=&#8221;rgba(0,0,0,0.2)&#8221; global_colors_info=&#8221;{}&#8221;][et_pb_image src=&#8221;https:\/\/rmmekatronik.se\/wp-content\/uploads\/2020\/10\/Hakan-klippt.jpg&#8221; title_text=&#8221;H\u00e5kan klippt&#8221; show_bottom_space=&#8221;off&#8221; _builder_version=&#8221;4.27.4&#8243; _module_preset=&#8221;default&#8221; global_colors_info=&#8221;{}&#8221;][\/et_pb_image][et_pb_text _builder_version=&#8221;4.27.5&#8243; _module_preset=&#8221;default&#8221; custom_padding=&#8221;25px|20px|25px|20px|true|true&#8221; global_colors_info=&#8221;{}&#8221;]<\/p>\n<h4><strong>H\u00e5kan Bergman<\/strong><\/h4>\n<p><strong>F\u00f6rs\u00e4ljning\/VD<\/strong><\/p>\n<p><a href=\"tel:+46702172230\">+46 (0)70-2172230<\/a><br \/><a href=\"mailto:hakan.bergman@rmmekatronik.se\" title=\"Mejl\">hakan.bergman@rmmekatronik.se<\/a><\/p>\n<p>[\/et_pb_text][\/et_pb_column][et_pb_column type=&#8221;1_4&#8243; _builder_version=&#8221;4.27.4&#8243; _module_preset=&#8221;default&#8221; box_shadow_style=&#8221;preset3&#8243; box_shadow_color=&#8221;rgba(0,0,0,0.2)&#8221; global_colors_info=&#8221;{}&#8221;][et_pb_image src=&#8221;https:\/\/rmmekatronik.se\/wp-content\/uploads\/2020\/10\/Katarina-klippt.jpg&#8221; title_text=&#8221;Katarina klippt&#8221; show_bottom_space=&#8221;off&#8221; _builder_version=&#8221;4.27.4&#8243; _module_preset=&#8221;default&#8221; global_colors_info=&#8221;{}&#8221;][\/et_pb_image][et_pb_text _builder_version=&#8221;4.27.5&#8243; _module_preset=&#8221;default&#8221; custom_padding=&#8221;25px|20px|25px|20px|true|true&#8221; global_colors_info=&#8221;{}&#8221;]<\/p>\n<h4><strong>Katarina Bergman<\/strong><\/h4>\n<p><b>Ekonomi\/Ink\u00f6p<\/b><\/p>\n<p><a href=\"tel:+460703356191\">+46 (0)70-3356191<\/a><br \/><a href=\"mailto:katarina.bergman@rmmekatronik.se\" title=\"Mejl\">katarina.bergman@rmmekatronik.se<\/a><\/p>\n<p>[\/et_pb_text][\/et_pb_column][et_pb_column type=&#8221;1_4&#8243; _builder_version=&#8221;4.27.4&#8243; _module_preset=&#8221;default&#8221; box_shadow_style=&#8221;preset3&#8243; box_shadow_color=&#8221;rgba(0,0,0,0.2)&#8221; global_colors_info=&#8221;{}&#8221;][et_pb_image src=&#8221;https:\/\/rmmekatronik.se\/wp-content\/uploads\/2020\/10\/Martin-klippt.jpg&#8221; title_text=&#8221;Martin klippt&#8221; show_bottom_space=&#8221;off&#8221; _builder_version=&#8221;4.27.4&#8243; _module_preset=&#8221;default&#8221; global_colors_info=&#8221;{}&#8221;][\/et_pb_image][et_pb_text _builder_version=&#8221;4.27.5&#8243; _module_preset=&#8221;default&#8221; custom_padding=&#8221;25px|20px|25px|20px|true|true&#8221; global_colors_info=&#8221;{}&#8221;]<\/p>\n<h4><strong>Martin Knutsson<\/strong><\/h4>\n<p><strong>Montageledare<\/strong><\/p>\n<p><a href=\"tel:+460702172003\">+46 (0)70-2172003<\/a><br \/><a href=\"mailto:martin.knutsson@rmmekatronik.se\" title=\"Mejl\">martin.knutsson@rmmekatronik.se<\/a><\/p>\n<p>[\/et_pb_text][\/et_pb_column][et_pb_column type=&#8221;1_4&#8243; _builder_version=&#8221;4.27.4&#8243; _module_preset=&#8221;default&#8221; box_shadow_style=&#8221;preset3&#8243; box_shadow_color=&#8221;rgba(0,0,0,0.2)&#8221; global_colors_info=&#8221;{}&#8221;][et_pb_image src=&#8221;https:\/\/rmmekatronik.se\/wp-content\/uploads\/2025\/12\/Bernd.png&#8221; alt=&#8221;Bernd Georg&#8221; title_text=&#8221;Bernd&#8221; show_bottom_space=&#8221;off&#8221; _builder_version=&#8221;4.27.4&#8243; _module_preset=&#8221;default&#8221; locked=&#8221;off&#8221; global_colors_info=&#8221;{}&#8221;][\/et_pb_image][et_pb_text _builder_version=&#8221;4.27.5&#8243; _module_preset=&#8221;default&#8221; custom_padding=&#8221;25px|20px|25px|20px|true|true&#8221; locked=&#8221;off&#8221; global_colors_info=&#8221;{}&#8221;]<\/p>\n<h4><strong>Bernd Georg<\/strong><\/h4>\n<p><strong>F\u00f6rs\u00e4ljning DE<\/strong><\/p>\n<p><a href=\"tel:+4901751627774\">+49 (0)175-1627774<\/a><br \/>\n<a href=\"mailto:bernd.georg@gebe-consulting.com \" title=\"Mejl\">bernd.georg@gebe-consulting.com<br \/>\n<\/a>[\/et_pb_text][\/et_pb_column][\/et_pb_row][\/et_pb_section][et_pb_section fb_built=&#8221;1&#8243; custom_padding_last_edited=&#8221;on|phone&#8221; admin_label=&#8221;Section&#8221; module_id=&#8221;f\u00f6rfr\u00e5gan&#8221; _builder_version=&#8221;4.27.4&#8243; _module_preset=&#8221;default&#8221; custom_padding=&#8221;100px|50px|100px|50px|true|true&#8221; custom_padding_tablet=&#8221;80px|30px|80px|30px|true|true&#8221; custom_padding_phone=&#8221;50px|20px|50px|20px|true|true&#8221; global_colors_info=&#8221;{}&#8221;][et_pb_row column_structure=&#8221;2_5,3_5&#8243; _builder_version=&#8221;4.27.4&#8243; _module_preset=&#8221;default&#8221; width=&#8221;100%&#8221; max_width=&#8221;1000px&#8221; custom_padding=&#8221;0px||0px||true|false&#8221; global_colors_info=&#8221;{}&#8221;][et_pb_column type=&#8221;2_5&#8243; _builder_version=&#8221;4.16&#8243; _module_preset=&#8221;default&#8221; global_colors_info=&#8221;{}&#8221;][et_pb_text _builder_version=&#8221;4.27.4&#8243; _module_preset=&#8221;default&#8221; text_font_size=&#8221;15px&#8221; link_text_color=&#8221;gcid-958191f2-176c-4e3d-aaab-a9fca9745767&#8243; header_2_font_size=&#8221;34px&#8221; header_2_line_height=&#8221;1.3em&#8221; global_colors_info=&#8221;{%22gcid-958191f2-176c-4e3d-aaab-a9fca9745767%22:%91%22link_text_color%22%93}&#8221;]<\/p>\n<h2>Kontakta oss eller skicka ett meddelande<\/h2>\n<p>Du hittar oss i Laholm, strax s\u00f6der om Halmstad. K\u00f6r av avfart 41 p\u00e5 E6 och f\u00f6lj v\u00e4g 24 i ca 5 minuter s\u00e5 n\u00e5r du fram till Industriomr\u00e5det.<\/p>\n<p><strong>RM Mekatronik AB<\/strong><br \/><strong>Adress: <\/strong><a href=\"https:\/\/maps.app.goo.gl\/yEKnccqeAEuCK95JA\" target=\"_blank\" rel=\"noopener\">Industrigatan 17, S-312 34 Laholm<\/a><br \/><strong>Telefon:<\/strong> <a href=\"tel:+46430775577\">+46 430-77 55 77<\/a><\/p>\n<p>[\/et_pb_text][\/et_pb_column][et_pb_column type=&#8221;3_5&#8243; _builder_version=&#8221;4.16&#8243; _module_preset=&#8221;default&#8221; global_colors_info=&#8221;{}&#8221;][et_pb_contact_form use_spam_service=&#8221;on&#8221; recaptcha_list=&#8221;RM Mekatronik|RM Mekatronik-0&#8243; recaptcha_min_score=&#8221;0.7&#8243; email=&#8221;hakan.bergman@rmmekatronik.se&#8221; custom_message=&#8221;%%Name%%||et_pb_line_break_holder||%%Email%%||et_pb_line_break_holder||%%Message%%&#8221; _builder_version=&#8221;4.27.5&#8243; _module_preset=&#8221;default&#8221; _unique_id=&#8221;29c5fc3e-3744-47b5-ab9e-d2993fd7722e&#8221; button_text_color=&#8221;#ffffff&#8221; button_use_icon=&#8221;off&#8221; global_colors_info=&#8221;{}&#8221;][et_pb_contact_field field_id=&#8221;Name&#8221; field_title=&#8221;Namn&#8221; _builder_version=&#8221;4.16&#8243; global_colors_info=&#8221;{}&#8221; button_text_size__hover_enabled=&#8221;off&#8221; button_one_text_size__hover_enabled=&#8221;off&#8221; button_two_text_size__hover_enabled=&#8221;off&#8221; button_text_color__hover_enabled=&#8221;off&#8221; button_one_text_color__hover_enabled=&#8221;off&#8221; button_two_text_color__hover_enabled=&#8221;off&#8221; button_border_width__hover_enabled=&#8221;off&#8221; button_one_border_width__hover_enabled=&#8221;off&#8221; button_two_border_width__hover_enabled=&#8221;off&#8221; button_border_color__hover_enabled=&#8221;off&#8221; button_one_border_color__hover_enabled=&#8221;off&#8221; button_two_border_color__hover_enabled=&#8221;off&#8221; button_border_radius__hover_enabled=&#8221;off&#8221; button_one_border_radius__hover_enabled=&#8221;off&#8221; button_two_border_radius__hover_enabled=&#8221;off&#8221; button_letter_spacing__hover_enabled=&#8221;off&#8221; button_one_letter_spacing__hover_enabled=&#8221;off&#8221; button_two_letter_spacing__hover_enabled=&#8221;off&#8221; button_bg_color__hover_enabled=&#8221;off&#8221; button_one_bg_color__hover_enabled=&#8221;off&#8221; button_two_bg_color__hover_enabled=&#8221;off&#8221;][\/et_pb_contact_field][et_pb_contact_field field_id=&#8221;Email&#8221; field_title=&#8221;E-postadress&#8221; field_type=&#8221;email&#8221; _builder_version=&#8221;4.16&#8243; global_colors_info=&#8221;{}&#8221; button_text_size__hover_enabled=&#8221;off&#8221; button_one_text_size__hover_enabled=&#8221;off&#8221; button_two_text_size__hover_enabled=&#8221;off&#8221; button_text_color__hover_enabled=&#8221;off&#8221; button_one_text_color__hover_enabled=&#8221;off&#8221; button_two_text_color__hover_enabled=&#8221;off&#8221; button_border_width__hover_enabled=&#8221;off&#8221; button_one_border_width__hover_enabled=&#8221;off&#8221; button_two_border_width__hover_enabled=&#8221;off&#8221; button_border_color__hover_enabled=&#8221;off&#8221; button_one_border_color__hover_enabled=&#8221;off&#8221; button_two_border_color__hover_enabled=&#8221;off&#8221; button_border_radius__hover_enabled=&#8221;off&#8221; button_one_border_radius__hover_enabled=&#8221;off&#8221; button_two_border_radius__hover_enabled=&#8221;off&#8221; button_letter_spacing__hover_enabled=&#8221;off&#8221; button_one_letter_spacing__hover_enabled=&#8221;off&#8221; button_two_letter_spacing__hover_enabled=&#8221;off&#8221; button_bg_color__hover_enabled=&#8221;off&#8221; button_one_bg_color__hover_enabled=&#8221;off&#8221; button_two_bg_color__hover_enabled=&#8221;off&#8221;][\/et_pb_contact_field][et_pb_contact_field field_id=&#8221;Message&#8221; field_title=&#8221;Meddelande&#8221; field_type=&#8221;text&#8221; fullwidth_field=&#8221;on&#8221; _builder_version=&#8221;4.16&#8243; global_colors_info=&#8221;{}&#8221; button_text_size__hover_enabled=&#8221;off&#8221; button_one_text_size__hover_enabled=&#8221;off&#8221; button_two_text_size__hover_enabled=&#8221;off&#8221; button_text_color__hover_enabled=&#8221;off&#8221; button_one_text_color__hover_enabled=&#8221;off&#8221; button_two_text_color__hover_enabled=&#8221;off&#8221; button_border_width__hover_enabled=&#8221;off&#8221; button_one_border_width__hover_enabled=&#8221;off&#8221; button_two_border_width__hover_enabled=&#8221;off&#8221; button_border_color__hover_enabled=&#8221;off&#8221; button_one_border_color__hover_enabled=&#8221;off&#8221; button_two_border_color__hover_enabled=&#8221;off&#8221; button_border_radius__hover_enabled=&#8221;off&#8221; button_one_border_radius__hover_enabled=&#8221;off&#8221; button_two_border_radius__hover_enabled=&#8221;off&#8221; button_letter_spacing__hover_enabled=&#8221;off&#8221; button_one_letter_spacing__hover_enabled=&#8221;off&#8221; button_two_letter_spacing__hover_enabled=&#8221;off&#8221; button_bg_color__hover_enabled=&#8221;off&#8221; button_one_bg_color__hover_enabled=&#8221;off&#8221; button_two_bg_color__hover_enabled=&#8221;off&#8221;][\/et_pb_contact_field][\/et_pb_contact_form][et_pb_text _builder_version=&#8221;4.27.4&#8243; _module_preset=&#8221;default&#8221; text_font_size=&#8221;12px&#8221; custom_margin=&#8221;0px||0px||true|false&#8221; custom_padding=&#8221;0px||0px||true|false&#8221; global_colors_info=&#8221;{}&#8221;]<\/p>\n<p><span>This site is protected by reCAPTCHA and the Google<\/span><a href=\"https:\/\/policies.google.com\/privacy\">Privacy Policy<\/a><span>\u00a0and<\/span><a href=\"https:\/\/policies.google.com\/terms\">Terms of Service<\/a><span>\u00a0apply.<\/span><\/p>\n<p>[\/et_pb_text][\/et_pb_column][\/et_pb_row][\/et_pb_section]<\/p>\n","protected":false},"excerpt":{"rendered":"<p>KONTAKTA OSSV\u00e5ra medarbetare H\u00e4r hittar du kontaktuppgifterna till v\u00e5ra medarbetare. Tveka inte att ta kontakt med oss, det g\u00e5r ocks\u00e5 bra att skriva till oss direkt via kontaktformul\u00e4ret nedan.H\u00e5kan Bergman F\u00f6rs\u00e4ljning\/VD +46 (0)70-2172230hakan.bergman@rmmekatronik.seKatarina Bergman Ekonomi\/Ink\u00f6p +46 (0)70-3356191katarina.bergman@rmmekatronik.seMartin Knutsson Montageledare +46 (0)70-2172003martin.knutsson@rmmekatronik.seBernd Georg F\u00f6rs\u00e4ljning DE +49 (0)175-1627774 bernd.georg@gebe-consulting.com Kontakta oss eller skicka ett meddelande Du hittar [&hellip;]<\/p>\n","protected":false},"author":1,"featured_media":13,"parent":0,"menu_order":0,"comment_status":"closed","ping_status":"closed","template":"","meta":{"_et_pb_use_builder":"on","_et_pb_old_content":"","_et_gb_content_width":"","footnotes":""},"class_list":["post-143","page","type-page","status-publish","has-post-thumbnail","hentry"],"yoast_head":"<!-- This site is optimized with the Yoast SEO plugin v27.1.1 - https:\/\/yoast.com\/product\/yoast-seo-wordpress\/ -->\n<title>Kontakt | RM Mekatronik<\/title>\n<meta name=\"robots\" content=\"index, follow, max-snippet:-1, max-image-preview:large, max-video-preview:-1\" \/>\n<link rel=\"canonical\" href=\"https:\/\/rmmekatronik.se\/fr\/kontakt\/\" \/>\n<meta property=\"og:locale\" content=\"fr_FR\" \/>\n<meta property=\"og:type\" content=\"article\" \/>\n<meta property=\"og:title\" content=\"Kontakt | RM Mekatronik\" \/>\n<meta property=\"og:description\" content=\"KONTAKTA OSSV\u00e5ra medarbetare H\u00e4r hittar du kontaktuppgifterna till v\u00e5ra medarbetare. Tveka inte att ta kontakt med oss, det g\u00e5r ocks\u00e5 bra att skriva till oss direkt via kontaktformul\u00e4ret nedan.H\u00e5kan Bergman F\u00f6rs\u00e4ljning\/VD +46 (0)70-2172230hakan.bergman@rmmekatronik.seKatarina Bergman Ekonomi\/Ink\u00f6p +46 (0)70-3356191katarina.bergman@rmmekatronik.seMartin Knutsson Montageledare +46 (0)70-2172003martin.knutsson@rmmekatronik.seBernd Georg F\u00f6rs\u00e4ljning DE +49 (0)175-1627774 bernd.georg@gebe-consulting.com Kontakta oss eller skicka ett meddelande Du hittar [&hellip;]\" \/>\n<meta property=\"og:url\" content=\"https:\/\/rmmekatronik.se\/fr\/kontakt\/\" \/>\n<meta property=\"og:site_name\" content=\"RM Mekatronik\" \/>\n<meta property=\"article:modified_time\" content=\"2026-03-11T09:13:42+00:00\" \/>\n<meta property=\"og:image\" content=\"https:\/\/rmmekatronik.se\/wp-content\/uploads\/2020\/10\/Katarina-och-Hakan-superforetag-scaled.jpg\" \/>\n\t<meta property=\"og:image:width\" content=\"2560\" \/>\n\t<meta property=\"og:image:height\" content=\"1920\" \/>\n\t<meta property=\"og:image:type\" content=\"image\/jpeg\" \/>\n<meta name=\"twitter:card\" content=\"summary_large_image\" \/>\n<meta name=\"twitter:label1\" content=\"Dur\u00e9e de lecture estim\u00e9e\" \/>\n\t<meta name=\"twitter:data1\" content=\"7 minutes\" \/>\n<script type=\"application\/ld+json\" class=\"yoast-schema-graph\">{\"@context\":\"https:\/\/schema.org\",\"@graph\":[{\"@type\":\"WebPage\",\"@id\":\"https:\/\/rmmekatronik.se\/kontakt\/\",\"url\":\"https:\/\/rmmekatronik.se\/kontakt\/\",\"name\":\"Kontakt | RM Mekatronik\",\"isPartOf\":{\"@id\":\"https:\/\/rmmekatronik.se\/#website\"},\"primaryImageOfPage\":{\"@id\":\"https:\/\/rmmekatronik.se\/kontakt\/#primaryimage\"},\"image\":{\"@id\":\"https:\/\/rmmekatronik.se\/kontakt\/#primaryimage\"},\"thumbnailUrl\":\"https:\/\/rmmekatronik.se\/wp-content\/uploads\/2020\/10\/Katarina-och-Hakan-superforetag-scaled.jpg\",\"datePublished\":\"2020-10-06T07:31:13+00:00\",\"dateModified\":\"2026-03-11T09:13:42+00:00\",\"breadcrumb\":{\"@id\":\"https:\/\/rmmekatronik.se\/kontakt\/#breadcrumb\"},\"inLanguage\":\"fr-FR\",\"potentialAction\":[{\"@type\":\"ReadAction\",\"target\":[\"https:\/\/rmmekatronik.se\/kontakt\/\"]}]},{\"@type\":\"ImageObject\",\"inLanguage\":\"fr-FR\",\"@id\":\"https:\/\/rmmekatronik.se\/kontakt\/#primaryimage\",\"url\":\"https:\/\/rmmekatronik.se\/wp-content\/uploads\/2020\/10\/Katarina-och-Hakan-superforetag-scaled.jpg\",\"contentUrl\":\"https:\/\/rmmekatronik.se\/wp-content\/uploads\/2020\/10\/Katarina-och-Hakan-superforetag-scaled.jpg\",\"width\":2560,\"height\":1920,\"caption\":\"\u00c5rets Superf\u00f6retag\"},{\"@type\":\"BreadcrumbList\",\"@id\":\"https:\/\/rmmekatronik.se\/kontakt\/#breadcrumb\",\"itemListElement\":[{\"@type\":\"ListItem\",\"position\":1,\"name\":\"Hem\",\"item\":\"https:\/\/rmmekatronik.se\/\"},{\"@type\":\"ListItem\",\"position\":2,\"name\":\"Kontakt\"}]},{\"@type\":\"WebSite\",\"@id\":\"https:\/\/rmmekatronik.se\/#website\",\"url\":\"https:\/\/rmmekatronik.se\/\",\"name\":\"RM Mekatronik\",\"description\":\"Site Solutions\",\"publisher\":{\"@id\":\"https:\/\/rmmekatronik.se\/#organization\"},\"potentialAction\":[{\"@type\":\"SearchAction\",\"target\":{\"@type\":\"EntryPoint\",\"urlTemplate\":\"https:\/\/rmmekatronik.se\/?s={search_term_string}\"},\"query-input\":{\"@type\":\"PropertyValueSpecification\",\"valueRequired\":true,\"valueName\":\"search_term_string\"}}],\"inLanguage\":\"fr-FR\"},{\"@type\":\"Organization\",\"@id\":\"https:\/\/rmmekatronik.se\/#organization\",\"name\":\"RM Mekatronik\",\"url\":\"https:\/\/rmmekatronik.se\/\",\"logo\":{\"@type\":\"ImageObject\",\"inLanguage\":\"fr-FR\",\"@id\":\"https:\/\/rmmekatronik.se\/#\/schema\/logo\/image\/\",\"url\":\"https:\/\/rmmekatronik.se\/wp-content\/uploads\/2020\/10\/RM_Mekatronik.png\",\"contentUrl\":\"https:\/\/rmmekatronik.se\/wp-content\/uploads\/2020\/10\/RM_Mekatronik.png\",\"width\":698,\"height\":112,\"caption\":\"RM Mekatronik\"},\"image\":{\"@id\":\"https:\/\/rmmekatronik.se\/#\/schema\/logo\/image\/\"}}]}<\/script>\n<!-- \/ Yoast SEO plugin. -->","yoast_head_json":{"title":"Contact | RM m\u00e9catronique","robots":{"index":"index","follow":"follow","max-snippet":"max-snippet:-1","max-image-preview":"max-image-preview:large","max-video-preview":"max-video-preview:-1"},"canonical":"https:\/\/rmmekatronik.se\/fr\/kontakt\/","og_locale":"fr_FR","og_type":"article","og_title":"Kontakt | RM Mekatronik","og_description":"KONTAKTA OSSV\u00e5ra medarbetare H\u00e4r hittar du kontaktuppgifterna till v\u00e5ra medarbetare. Tveka inte att ta kontakt med oss, det g\u00e5r ocks\u00e5 bra att skriva till oss direkt via kontaktformul\u00e4ret nedan.H\u00e5kan Bergman F\u00f6rs\u00e4ljning\/VD +46 (0)70-2172230hakan.bergman@rmmekatronik.seKatarina Bergman Ekonomi\/Ink\u00f6p +46 (0)70-3356191katarina.bergman@rmmekatronik.seMartin Knutsson Montageledare +46 (0)70-2172003martin.knutsson@rmmekatronik.seBernd Georg F\u00f6rs\u00e4ljning DE +49 (0)175-1627774 bernd.georg@gebe-consulting.com Kontakta oss eller skicka ett meddelande Du hittar [&hellip;]","og_url":"https:\/\/rmmekatronik.se\/fr\/kontakt\/","og_site_name":"RM Mekatronik","article_modified_time":"2026-03-11T09:13:42+00:00","og_image":[{"width":2560,"height":1920,"url":"https:\/\/rmmekatronik.se\/wp-content\/uploads\/2020\/10\/Katarina-och-Hakan-superforetag-scaled.jpg","type":"image\/jpeg"}],"twitter_card":"summary_large_image","twitter_misc":{"Dur\u00e9e de lecture estim\u00e9e":"7 minutes"},"schema":{"@context":"https:\/\/schema.org","@graph":[{"@type":"WebPage","@id":"https:\/\/rmmekatronik.se\/kontakt\/","url":"https:\/\/rmmekatronik.se\/kontakt\/","name":"Contact | RM m\u00e9catronique","isPartOf":{"@id":"https:\/\/rmmekatronik.se\/#website"},"primaryImageOfPage":{"@id":"https:\/\/rmmekatronik.se\/kontakt\/#primaryimage"},"image":{"@id":"https:\/\/rmmekatronik.se\/kontakt\/#primaryimage"},"thumbnailUrl":"https:\/\/rmmekatronik.se\/wp-content\/uploads\/2020\/10\/Katarina-och-Hakan-superforetag-scaled.jpg","datePublished":"2020-10-06T07:31:13+00:00","dateModified":"2026-03-11T09:13:42+00:00","breadcrumb":{"@id":"https:\/\/rmmekatronik.se\/kontakt\/#breadcrumb"},"inLanguage":"fr-FR","potentialAction":[{"@type":"ReadAction","target":["https:\/\/rmmekatronik.se\/kontakt\/"]}]},{"@type":"ImageObject","inLanguage":"fr-FR","@id":"https:\/\/rmmekatronik.se\/kontakt\/#primaryimage","url":"https:\/\/rmmekatronik.se\/wp-content\/uploads\/2020\/10\/Katarina-och-Hakan-superforetag-scaled.jpg","contentUrl":"https:\/\/rmmekatronik.se\/wp-content\/uploads\/2020\/10\/Katarina-och-Hakan-superforetag-scaled.jpg","width":2560,"height":1920,"caption":"\u00c5rets Superf\u00f6retag"},{"@type":"BreadcrumbList","@id":"https:\/\/rmmekatronik.se\/kontakt\/#breadcrumb","itemListElement":[{"@type":"ListItem","position":1,"name":"Hem","item":"https:\/\/rmmekatronik.se\/"},{"@type":"ListItem","position":2,"name":"Kontakt"}]},{"@type":"WebSite","@id":"https:\/\/rmmekatronik.se\/#website","url":"https:\/\/rmmekatronik.se\/","name":"RM m\u00e9catronique","description":"Solutions de sites","publisher":{"@id":"https:\/\/rmmekatronik.se\/#organization"},"potentialAction":[{"@type":"SearchAction","target":{"@type":"EntryPoint","urlTemplate":"https:\/\/rmmekatronik.se\/?s={search_term_string}"},"query-input":{"@type":"PropertyValueSpecification","valueRequired":true,"valueName":"search_term_string"}}],"inLanguage":"fr-FR"},{"@type":"Organization","@id":"https:\/\/rmmekatronik.se\/#organization","name":"RM m\u00e9catronique","url":"https:\/\/rmmekatronik.se\/","logo":{"@type":"ImageObject","inLanguage":"fr-FR","@id":"https:\/\/rmmekatronik.se\/#\/schema\/logo\/image\/","url":"https:\/\/rmmekatronik.se\/wp-content\/uploads\/2020\/10\/RM_Mekatronik.png","contentUrl":"https:\/\/rmmekatronik.se\/wp-content\/uploads\/2020\/10\/RM_Mekatronik.png","width":698,"height":112,"caption":"RM Mekatronik"},"image":{"@id":"https:\/\/rmmekatronik.se\/#\/schema\/logo\/image\/"}}]}},"_links":{"self":[{"href":"https:\/\/rmmekatronik.se\/fr\/wp-json\/wp\/v2\/pages\/143","targetHints":{"allow":["GET"]}}],"collection":[{"href":"https:\/\/rmmekatronik.se\/fr\/wp-json\/wp\/v2\/pages"}],"about":[{"href":"https:\/\/rmmekatronik.se\/fr\/wp-json\/wp\/v2\/types\/page"}],"author":[{"embeddable":true,"href":"https:\/\/rmmekatronik.se\/fr\/wp-json\/wp\/v2\/users\/1"}],"replies":[{"embeddable":true,"href":"https:\/\/rmmekatronik.se\/fr\/wp-json\/wp\/v2\/comments?post=143"}],"version-history":[{"count":0,"href":"https:\/\/rmmekatronik.se\/fr\/wp-json\/wp\/v2\/pages\/143\/revisions"}],"wp:featuredmedia":[{"embeddable":true,"href":"https:\/\/rmmekatronik.se\/fr\/wp-json\/wp\/v2\/media\/13"}],"wp:attachment":[{"href":"https:\/\/rmmekatronik.se\/fr\/wp-json\/wp\/v2\/media?parent=143"}],"curies":[{"name":"wp","href":"https:\/\/api.w.org\/{rel}","templated":true}]}}